{"id":7007,"date":"2018-01-30T11:30:57","date_gmt":"2018-01-30T09:30:57","guid":{"rendered":"http:\/\/exigo.dk\/beta\/?page_id=7007"},"modified":"2020-11-09T09:54:39","modified_gmt":"2020-11-09T07:54:39","slug":"4d-simulation","status":"publish","type":"page","link":"https:\/\/exigo.dk\/en\/ydelser\/entreprenoerraadgivning\/4d-simulation\/","title":{"rendered":"4D-simulation"},"content":{"rendered":"<p>[av_one_full first min_height=&#8221; vertical_alignment=&#8221; space=&#8221; custom_margin=&#8221; margin=&#8217;0px&#8217; padding=&#8217;0px&#8217; border=&#8221; border_color=&#8221; radius=&#8217;0px&#8217; background_color=&#8221; src=&#8221; background_position=&#8217;top left&#8217; background_repeat=&#8217;no-repeat&#8217; animation=&#8221; av_uid=&#8217;av-ueode7&#8242;] [av_image src=&#8217;http:\/\/exigo.dk\/beta\/wp-content\/uploads\/2017\/10\/4D-simuering-med-Vico-Office-NAU-2.jpg&#8217; attachment=&#8217;7985&#8242; attachment_size=&#8217;full&#8217; align=&#8217;center&#8217; styling=&#8221; hover=&#8221; link=&#8221; target=&#8221; caption=&#8221; font_size=&#8221; appearance=&#8221; overlay_opacity=&#8217;0.4&#8242; overlay_color=&#8217;#000000&#8242; overlay_text_color=&#8217;#ffffff&#8217; animation=&#8217;no-animation&#8217; av_uid=&#8217;av-spcxsv&#8217;][\/av_image] [\/av_one_full] [av_one_full first min_height=&#8221; vertical_alignment=&#8221; space=&#8221; custom_margin=&#8221; margin=&#8217;0px&#8217; padding=&#8217;0px&#8217; border=&#8221; border_color=&#8221; radius=&#8217;0px&#8217; background_color=&#8221; src=&#8221; background_position=&#8217;top left&#8217; background_repeat=&#8217;no-repeat&#8217; animation=&#8221; av_uid=&#8217;av-re3jsv&#8217;] [av_textblock size=&#8221; font_color=&#8221; color=&#8221; av-medium-font-size=&#8221; av-small-font-size=&#8221; av-mini-font-size=&#8221; av_uid=&#8217;av-ozemen&#8217; custom_class=&#8221; admin_preview_bg=&#8221;]<\/p>\n<h1>4D-simulation<\/h1>\n<p>[\/av_textblock] [\/av_one_full][av_one_full first min_height=&#8221; vertical_alignment=&#8221; space=&#8221; custom_margin=&#8221; margin=&#8217;0px&#8217; padding=&#8217;0px&#8217; border=&#8221; border_color=&#8221; radius=&#8217;0px&#8217; background_color=&#8221; src=&#8221; background_position=&#8217;top left&#8217; background_repeat=&#8217;no-repeat&#8217; animation=&#8221; av_uid=&#8217;av-okcs8f&#8217;] [av_textblock size=&#8221; font_color=&#8221; color=&#8221; av-medium-font-size=&#8221; av-small-font-size=&#8221; av-mini-font-size=&#8221; av_uid=&#8217;av-ls96an&#8217; custom_class=&#8221; admin_preview_bg=&#8221;]<\/p>\n<h3>En visuel tidsplan der er let at kommunikere<\/h3>\n<p class=\"x_size-161\" style=\"text-align: justify;\">N\u00e5r projektets 3D-bygningsmodel integreres med tidsplanen, kan man skabe en 4D-simulation (3D + tid) af projektet. Ogs\u00e5 kaldet 4D BIM. 4D-simulationen er et effektivt redskab til at optimere byggeprocessen og giver samtidigt et visuelt overblik for alle parter i projektet. Det giver alle det samme, klare udgangspunkt for at forst\u00e5 og diskutere byggeprocessen, sikkerhedsrisici og optimeringsmuligheder.<\/p>\n<p>Se flere eksempler p\u00e5 4D-simulationer nedenfor, og kontakt os endelig hvis du har sp\u00f8rgsm\u00e5l. [\/av_textblock] [\/av_one_full][av_one_third first min_height=&#8221; vertical_alignment=&#8221; space=&#8221; custom_margin=&#8221; margin=&#8217;0px&#8217; padding=&#8217;0px&#8217; border=&#8221; border_color=&#8221; radius=&#8217;0px&#8217; background_color=&#8221; src=&#8221; background_position=&#8217;top left&#8217; background_repeat=&#8217;no-repeat&#8217; animation=&#8221; av_uid=&#8217;av-7kki7&#8242;] [av_textblock size=&#8221; font_color=&#8221; color=&#8221; av_uid=&#8217;av-ifugwv&#8217;]<\/p>\n<h3>New Aalborg University Hospital, Denmark<\/h3>\n<p>[\/av_textblock] [\/av_one_third] [av_two_third min_height=&#8221; vertical_alignment=&#8221; space=&#8221; custom_margin=&#8221; margin=&#8217;0px&#8217; padding=&#8217;0px&#8217; border=&#8221; border_color=&#8221; radius=&#8217;0px&#8217; background_color=&#8221; src=&#8221; background_position=&#8217;top left&#8217; background_repeat=&#8217;no-repeat&#8217; animation=&#8221; av_uid=&#8217;av-hajmof&#8217;] [av_video src=&#8217;https:\/\/youtu.be\/veXDdPQxCCs&#8217; format=&#8217;16-9&#8242; width=&#8217;16&#8217; height=&#8217;9&#8242; av_uid=&#8217;av-fhhdov&#8217;] [\/av_two_third] [av_one_third first min_height=&#8221; vertical_alignment=&#8221; space=&#8221; custom_margin=&#8221; margin=&#8217;0px&#8217; padding=&#8217;0px&#8217; border=&#8221; border_color=&#8221; radius=&#8217;0px&#8217; background_color=&#8221; src=&#8221; background_position=&#8217;top left&#8217; background_repeat=&#8217;no-repeat&#8217; animation=&#8221; av_uid=&#8217;av-dh8uv3&#8242;] [av_textblock size=&#8221; font_color=&#8221; color=&#8221; av_uid=&#8217;av-bww6gf&#8217;]<\/p>\n<h3>The New Hospital in the West, G\u00f8dstrup, Denmark<\/h3>\n<p>[\/av_textblock] [\/av_one_third] [av_two_third min_height=&#8221; vertical_alignment=&#8221; space=&#8221; custom_margin=&#8221; margin=&#8217;0px&#8217; padding=&#8217;0px&#8217; border=&#8221; border_color=&#8221; radius=&#8217;0px&#8217; background_color=&#8221; src=&#8221; background_position=&#8217;top left&#8217; background_repeat=&#8217;no-repeat&#8217; animation=&#8221; av_uid=&#8217;av-abmx7j&#8217;] [av_video src=&#8217;https:\/\/www.youtube.com\/watch?v=-5eVCVtViHU&#8217; format=&#8217;16-9&#8242; width=&#8217;16&#8217; height=&#8217;9&#8242; av_uid=&#8217;av-94cx8v&#8217;] [\/av_two_third] [av_one_third first min_height=&#8221; vertical_alignment=&#8221; space=&#8221; custom_margin=&#8221; margin=&#8217;0px&#8217; padding=&#8217;0px&#8217; border=&#8221; border_color=&#8221; radius=&#8217;0px&#8217; background_color=&#8221; src=&#8221; background_position=&#8217;top left&#8217; background_repeat=&#8217;no-repeat&#8217; animation=&#8221; av_uid=&#8217;av-7sq14v&#8217;] [av_textblock size=&#8221; font_color=&#8221; color=&#8221; av_uid=&#8217;av-m16sf&#8217;]<\/p>\n<h3>Bygningsstyrelsen, Aalborg Universitet Esbjerg<\/h3>\n<p>[\/av_textblock] [\/av_one_third] [av_two_third min_height=&#8221; vertical_alignment=&#8221; space=&#8221; custom_margin=&#8221; margin=&#8217;0px&#8217; padding=&#8217;0px&#8217; border=&#8221; border_color=&#8221; radius=&#8217;0px&#8217; background_color=&#8221; src=&#8221; background_position=&#8217;top left&#8217; background_repeat=&#8217;no-repeat&#8217; animation=&#8221; av_uid=&#8217;av-4wo3qn&#8217;] [av_video src=&#8217;https:\/\/www.youtube.com\/watch?v=vt3xgWRCjPI&#8217; format=&#8217;16-9&#8242; width=&#8217;16&#8217; height=&#8217;9&#8242; av_uid=&#8217;av-29c6cv&#8217;] [\/av_two_third]<\/p>","protected":false},"excerpt":{"rendered":"","protected":false},"author":1,"featured_media":0,"parent":60,"menu_order":0,"comment_status":"closed","ping_status":"closed","template":"","meta":{"_et_pb_use_builder":"","_et_pb_old_content":"","_et_gb_content_width":"","footnotes":""},"aioseo_notices":[],"yoast_head":"<!-- This site is optimized with the Yoast SEO plugin v21.2 - https:\/\/yoast.com\/wordpress\/plugins\/seo\/ -->\n<title>4D-simulation | Exigo<\/title>\n<meta name=\"description\" content=\"Med 4D-simulation af byggeprojekter kan du nemt og pr\u00e6cist kommunikere byggeriets forskellige faser for alle parter. Kontakt Exigo for at h\u00f8re mere.\" \/>\n<meta name=\"robots\" content=\"index, follow, max-snippet:-1, max-image-preview:large, max-video-preview:-1\" \/>\n<link rel=\"canonical\" href=\"https:\/\/exigo.dk\/en\/ydelser\/entreprenoerraadgivning\/4d-simulation\/\" \/>\n<meta property=\"og:locale\" content=\"en_US\" \/>\n<meta property=\"og:type\" content=\"article\" \/>\n<meta property=\"og:title\" content=\"4D-simulation | Exigo\" \/>\n<meta property=\"og:description\" content=\"Med 4D-simulation af byggeprojekter kan du nemt og pr\u00e6cist kommunikere byggeriets forskellige faser for alle parter. Kontakt Exigo for at h\u00f8re mere.\" \/>\n<meta property=\"og:url\" content=\"https:\/\/exigo.dk\/en\/ydelser\/entreprenoerraadgivning\/4d-simulation\/\" \/>\n<meta property=\"og:site_name\" content=\"Exigo\" \/>\n<meta property=\"article:modified_time\" content=\"2020-11-09T07:54:39+00:00\" \/>\n<meta name=\"twitter:card\" content=\"summary_large_image\" \/>\n<meta name=\"twitter:label1\" content=\"Est. reading time\" \/>\n\t<meta name=\"twitter:data1\" content=\"4 minutes\" \/>\n<script type=\"application\/ld+json\" class=\"yoast-schema-graph\">{\"@context\":\"https:\/\/schema.org\",\"@graph\":[{\"@type\":\"WebPage\",\"@id\":\"https:\/\/exigo.dk\/ydelser\/entreprenoerraadgivning\/4d-simulation\/\",\"url\":\"https:\/\/exigo.dk\/ydelser\/entreprenoerraadgivning\/4d-simulation\/\",\"name\":\"4D-simulation | Exigo\",\"isPartOf\":{\"@id\":\"https:\/\/exigo.dk\/#website\"},\"datePublished\":\"2018-01-30T09:30:57+00:00\",\"dateModified\":\"2020-11-09T07:54:39+00:00\",\"description\":\"Med 4D-simulation af byggeprojekter kan du nemt og pr\u00e6cist kommunikere byggeriets forskellige faser for alle parter. Kontakt Exigo for at h\u00f8re mere.\",\"breadcrumb\":{\"@id\":\"https:\/\/exigo.dk\/ydelser\/entreprenoerraadgivning\/4d-simulation\/#breadcrumb\"},\"inLanguage\":\"en-US\",\"potentialAction\":[{\"@type\":\"ReadAction\",\"target\":[\"https:\/\/exigo.dk\/ydelser\/entreprenoerraadgivning\/4d-simulation\/\"]}]},{\"@type\":\"BreadcrumbList\",\"@id\":\"https:\/\/exigo.dk\/ydelser\/entreprenoerraadgivning\/4d-simulation\/#breadcrumb\",\"itemListElement\":[{\"@type\":\"ListItem\",\"position\":1,\"name\":\"Hjem\",\"item\":\"https:\/\/exigo.dk\/\"},{\"@type\":\"ListItem\",\"position\":2,\"name\":\"Ydelser\",\"item\":\"https:\/\/exigo.dk\/ydelser\/\"},{\"@type\":\"ListItem\",\"position\":3,\"name\":\"Entrepren\u00f8rr\u00e5dgivning\",\"item\":\"https:\/\/exigo.dk\/ydelser\/entreprenoerraadgivning\/\"},{\"@type\":\"ListItem\",\"position\":4,\"name\":\"4D-simulation\"}]},{\"@type\":\"WebSite\",\"@id\":\"https:\/\/exigo.dk\/#website\",\"url\":\"https:\/\/exigo.dk\/\",\"name\":\"Exigo.dk\",\"description\":\"Projekt- og risikostyring i byggebranchen\",\"publisher\":{\"@id\":\"https:\/\/exigo.dk\/#organization\"},\"potentialAction\":[{\"@type\":\"SearchAction\",\"target\":{\"@type\":\"EntryPoint\",\"urlTemplate\":\"https:\/\/exigo.dk\/?s={search_term_string}\"},\"query-input\":\"required name=search_term_string\"}],\"inLanguage\":\"en-US\"},{\"@type\":\"Organization\",\"@id\":\"https:\/\/exigo.dk\/#organization\",\"name\":\"Exigo A\/S\",\"url\":\"https:\/\/exigo.dk\/\",\"logo\":{\"@type\":\"ImageObject\",\"inLanguage\":\"en-US\",\"@id\":\"https:\/\/exigo.dk\/#\/schema\/logo\/image\/\",\"url\":\"https:\/\/exigo.dk\/wp-content\/uploads\/2019\/10\/Exigo_Logo_small.png\",\"contentUrl\":\"https:\/\/exigo.dk\/wp-content\/uploads\/2019\/10\/Exigo_Logo_small.png\",\"width\":800,\"height\":98,\"caption\":\"Exigo A\/S\"},\"image\":{\"@id\":\"https:\/\/exigo.dk\/#\/schema\/logo\/image\/\"},\"sameAs\":[\"https:\/\/www.linkedin.com\/mwlite\/company\/exigo-consult\"]}]}<\/script>\n<!-- \/ Yoast SEO plugin. -->","yoast_head_json":{"title":"4D-simulation | Exigo","description":"Med 4D-simulation af byggeprojekter kan du nemt og pr\u00e6cist kommunikere byggeriets forskellige faser for alle parter. Kontakt Exigo for at h\u00f8re mere.","robots":{"index":"index","follow":"follow","max-snippet":"max-snippet:-1","max-image-preview":"max-image-preview:large","max-video-preview":"max-video-preview:-1"},"canonical":"https:\/\/exigo.dk\/en\/ydelser\/entreprenoerraadgivning\/4d-simulation\/","og_locale":"en_US","og_type":"article","og_title":"4D-simulation | Exigo","og_description":"Med 4D-simulation af byggeprojekter kan du nemt og pr\u00e6cist kommunikere byggeriets forskellige faser for alle parter. Kontakt Exigo for at h\u00f8re mere.","og_url":"https:\/\/exigo.dk\/en\/ydelser\/entreprenoerraadgivning\/4d-simulation\/","og_site_name":"Exigo","article_modified_time":"2020-11-09T07:54:39+00:00","twitter_card":"summary_large_image","twitter_misc":{"Est. reading time":"4 minutes"},"schema":{"@context":"https:\/\/schema.org","@graph":[{"@type":"WebPage","@id":"https:\/\/exigo.dk\/ydelser\/entreprenoerraadgivning\/4d-simulation\/","url":"https:\/\/exigo.dk\/ydelser\/entreprenoerraadgivning\/4d-simulation\/","name":"4D-simulation | Exigo","isPartOf":{"@id":"https:\/\/exigo.dk\/#website"},"datePublished":"2018-01-30T09:30:57+00:00","dateModified":"2020-11-09T07:54:39+00:00","description":"Med 4D-simulation af byggeprojekter kan du nemt og pr\u00e6cist kommunikere byggeriets forskellige faser for alle parter. Kontakt Exigo for at h\u00f8re mere.","breadcrumb":{"@id":"https:\/\/exigo.dk\/ydelser\/entreprenoerraadgivning\/4d-simulation\/#breadcrumb"},"inLanguage":"en-US","potentialAction":[{"@type":"ReadAction","target":["https:\/\/exigo.dk\/ydelser\/entreprenoerraadgivning\/4d-simulation\/"]}]},{"@type":"BreadcrumbList","@id":"https:\/\/exigo.dk\/ydelser\/entreprenoerraadgivning\/4d-simulation\/#breadcrumb","itemListElement":[{"@type":"ListItem","position":1,"name":"Hjem","item":"https:\/\/exigo.dk\/"},{"@type":"ListItem","position":2,"name":"Ydelser","item":"https:\/\/exigo.dk\/ydelser\/"},{"@type":"ListItem","position":3,"name":"Entrepren\u00f8rr\u00e5dgivning","item":"https:\/\/exigo.dk\/ydelser\/entreprenoerraadgivning\/"},{"@type":"ListItem","position":4,"name":"4D-simulation"}]},{"@type":"WebSite","@id":"https:\/\/exigo.dk\/#website","url":"https:\/\/exigo.dk\/","name":"Exigo.dk","description":"Projekt- og risikostyring i byggebranchen","publisher":{"@id":"https:\/\/exigo.dk\/#organization"},"potentialAction":[{"@type":"SearchAction","target":{"@type":"EntryPoint","urlTemplate":"https:\/\/exigo.dk\/?s={search_term_string}"},"query-input":"required name=search_term_string"}],"inLanguage":"en-US"},{"@type":"Organization","@id":"https:\/\/exigo.dk\/#organization","name":"Exigo A\/S","url":"https:\/\/exigo.dk\/","logo":{"@type":"ImageObject","inLanguage":"en-US","@id":"https:\/\/exigo.dk\/#\/schema\/logo\/image\/","url":"https:\/\/exigo.dk\/wp-content\/uploads\/2019\/10\/Exigo_Logo_small.png","contentUrl":"https:\/\/exigo.dk\/wp-content\/uploads\/2019\/10\/Exigo_Logo_small.png","width":800,"height":98,"caption":"Exigo A\/S"},"image":{"@id":"https:\/\/exigo.dk\/#\/schema\/logo\/image\/"},"sameAs":["https:\/\/www.linkedin.com\/mwlite\/company\/exigo-consult"]}]}},"_links":{"self":[{"href":"https:\/\/exigo.dk\/en\/wp-json\/wp\/v2\/pages\/7007"}],"collection":[{"href":"https:\/\/exigo.dk\/en\/wp-json\/wp\/v2\/pages"}],"about":[{"href":"https:\/\/exigo.dk\/en\/wp-json\/wp\/v2\/types\/page"}],"author":[{"embeddable":true,"href":"https:\/\/exigo.dk\/en\/wp-json\/wp\/v2\/users\/1"}],"replies":[{"embeddable":true,"href":"https:\/\/exigo.dk\/en\/wp-json\/wp\/v2\/comments?post=7007"}],"version-history":[{"count":26,"href":"https:\/\/exigo.dk\/en\/wp-json\/wp\/v2\/pages\/7007\/revisions"}],"predecessor-version":[{"id":27795,"href":"https:\/\/exigo.dk\/en\/wp-json\/wp\/v2\/pages\/7007\/revisions\/27795"}],"up":[{"embeddable":true,"href":"https:\/\/exigo.dk\/en\/wp-json\/wp\/v2\/pages\/60"}],"wp:attachment":[{"href":"https:\/\/exigo.dk\/en\/wp-json\/wp\/v2\/media?parent=7007"}],"curies":[{"name":"wp","href":"https:\/\/api.w.org\/{rel}","templated":true}]}}