{"id":12603,"date":"2017-06-28T14:09:44","date_gmt":"2017-06-28T12:09:44","guid":{"rendered":"https:\/\/exigo.dk\/bauherrenberatung\/udbudsraadgivning\/"},"modified":"2020-08-24T09:53:50","modified_gmt":"2020-08-24T07:53:50","slug":"beratung-zur-angebotserstellung","status":"publish","type":"page","link":"https:\/\/exigo.dk\/en\/leistungen\/beratung-fuer-bauherren\/beratung-zur-angebotserstellung\/","title":{"rendered":"Beratung zur Angebotserstellung"},"content":{"rendered":"<p>[av_one_full first min_height=&#8221; vertical_alignment=&#8221; space=&#8221; custom_margin=&#8221; margin=&#8217;0px&#8217; padding=&#8217;0px&#8217; border=&#8221; border_color=&#8221; radius=&#8217;0px&#8217; background_color=&#8221; src=&#8221; background_position=&#8217;top left&#8217; background_repeat=&#8217;no-repeat&#8217; animation=&#8221; av_uid=&#8217;av-katnmp&#8217;]<br \/>\n[av_image src=&#8217;http:\/\/exigo.dk\/beta\/wp-content\/uploads\/2017\/10\/udbudsr\u00e5dgivning-med-BIM-1.jpg&#8217; attachment=&#8217;7982&#8242; attachment_size=&#8217;full&#8217; align=&#8217;center&#8217; styling=&#8221; hover=&#8221; link=&#8221; target=&#8221; caption=&#8221; font_size=&#8221; appearance=&#8221; overlay_opacity=&#8217;0.4&#8242; overlay_color=&#8217;#000000&#8242; overlay_text_color=&#8217;#ffffff&#8217; animation=&#8217;no-animation&#8217; av_uid=&#8217;av-jf56j5&#8242;][\/av_image]<br \/>\n[\/av_one_full]<\/p>\n<p>[av_one_full first min_height=&#8221; vertical_alignment=&#8221; space=&#8221; custom_margin=&#8221; margin=&#8217;0px&#8217; padding=&#8217;0px&#8217; border=&#8221; border_color=&#8221; radius=&#8217;0px&#8217; background_color=&#8221; src=&#8221; background_position=&#8217;top left&#8217; background_repeat=&#8217;no-repeat&#8217; animation=&#8221; av_uid=&#8217;av-hft8jl&#8217;]<br \/>\n[av_textblock size=&#8221; font_color=&#8221; color=&#8221; av-medium-font-size=&#8221; av-small-font-size=&#8221; av-mini-font-size=&#8221; av_uid=&#8217;av-f2gbjl&#8217; admin_preview_bg=&#8221;]<\/p>\n<h1>Beratung zur Angebotserstellung<\/h1>\n<p>[\/av_textblock]<br \/>\n[\/av_one_full]<\/p>\n<p>[av_one_full first min_height=&#8221; vertical_alignment=&#8221; space=&#8221; custom_margin=&#8221; margin=&#8217;0px&#8217; padding=&#8217;0px&#8217; border=&#8221; border_color=&#8221; radius=&#8217;0px&#8217; background_color=&#8221; src=&#8221; background_position=&#8217;top left&#8217; background_repeat=&#8217;no-repeat&#8217; animation=&#8221; av_uid=&#8217;av-evbz5d&#8217;]<br \/>\n[av_textblock size=&#8221; font_color=&#8221; color=&#8221; av-medium-font-size=&#8221; av-small-font-size=&#8221; av-mini-font-size=&#8221; av_uid=&#8217;av-bsw2fl&#8217; custom_class=&#8221; admin_preview_bg=&#8221;]<\/p>\n<h3>Wir r\u00fcsten Sie daf\u00fcr, fundierte Entscheidungen zu treffen<\/h3>\n<p>Als Ihr Kundenberater informieren wir Sie \u00fcber den Nutzen und die Risiken, die mit den Szenarien im Entscheidungsprozess verbunden sind, und wir bereiten eine Reihe von Dienstleistungen vor, z. B. im Zusammenhang mit der IT im Bau. Unser Rat basiert auf Daten und eingehenden Analysen und nicht auf Bauchgef\u00fchlen. Genau hier unterscheidet sich unsere Beratung von der klassischen Kundenberatung. Wir lassen Politik und verschiedene Stakeholdermotive ruhen, so dass Sie in aller Ruhe fundierte Entscheidungen \u00fcber Ausschreibungsstrategien, Vertragsformen, Pr\u00e4qualifikationen, Ausschreibungsmaterial usw. treffen k\u00f6nnen.<\/p>\n<p class=\"x_size-161\" style=\"text-align: justify;\">Wir bei Exigo haben viele zufriedene Kunden, die von unserer Kundenberatung sehr profitieren. Lesen Sie,\u00a0<a href=\"https:\/\/exigoconsult.de\/referenzen\/\">was sie \u00fcber uns sagen<\/a>.<\/p>\n<h3>Rekordzahl der stornierten d\u00e4nischen Angebote<\/h3>\n<p class=\"x_size-161\" style=\"text-align: justify;\">D\u00e4nemark hat in Europa einen traurigen 1. Platz bei ausgeschriebenen Angeboten, die storniert werden. <strong>Jedes sechste d\u00e4nische EU-Angebot wird storniert<\/strong>. Es ist dreimal so viel wie in Deutschland und doppelt so viel wie in Schweden.<\/p>\n<p>Die Studie weist auf folgende Gr\u00fcnde hin:<\/p>\n<ol>\n<li><strong>Fehler in den Angebotsunterlagen (24%)<\/strong><\/li>\n<li>Die Angebote sind nicht konform (21%)<\/li>\n<li>Zu wenig Wettbewerb um den Job (17%)<\/li>\n<li>Notwendigkeit, das Angebot auf dem Weg zu \u00e4ndern (16%)<\/li>\n<\/ol>\n<h3>Unser Rat ist datengetrieben und transparent<\/h3>\n<p class=\"x_size-161\" style=\"text-align: justify;\">Wir haben Daten aus \u00fcber 80+ Bauvorhaben gesammelt, in denen wir sowohl Bauherren als auch Bauunternehmer unterst\u00fctzt haben. Diese Daten zeigen einige klare Trends. Insbesondere ein Trend ist vorherrschend. Er ist mit Punkt 1 oben verbunden: &#8220;Fehler in den Ausschreibungsunterlagen&#8221;.<\/p>\n<p><strong>Fehler in den Ausschreibungsunterlagen &#8211; hier sind die gr\u00f6\u00dften S\u00fcnder<\/strong><\/p>\n<ol>\n<li>Der Angebotsplan ist unrealistisch und basiert auf Annahmen und &#8220;bestem Angebot&#8221;<\/li>\n<li>Kollisionen \u00fcber Bereiche hinweg (z. B. ein durch einen L\u00fcftungskanal perforierter Tragbalken)<\/li>\n<li>Mengenangaben und Angebote sind fehlerhaft und stimmen nicht \u00fcberein<\/li>\n<\/ol>\n<p class=\"x_size-161\" style=\"text-align: justify;\">Die Folge von Fehlern in den Ausschreibungsunterlagen kann im &#8220;besten Fall&#8221; viele zus\u00e4tzliche Rechnungen bei der Ausf\u00fchrung geben, und im &#8220;schlimmsten Fall&#8221;, dass die Lieferung storniert und neu erstellt werden muss. Wir helfen Ihnen, Angebote basierend auf einer gr\u00fcndlichen Datenanalyse zusammenzustellen. Die Angebote enthalten keine \u201everborgenen Pl\u00e4ne\u201c oder Sch\u00e4tzungen, sondern basieren auf Fakten.<\/p>\n<p>Lesen Sie mehr dar\u00fcber, wie Sie mit einem\u00a0<a href=\"https:\/\/exigoconsult.de\/leistungen\/kurse\/bim-vdc-vico-office\/\">Kurs in BIM\/VDC<\/a> ein qualitativ hochwertiges Angebot sicherstellen k\u00f6nnen.<br \/>\n[\/av_textblock]<br \/>\n[\/av_one_full]<\/p>\n<p>[av_one_full first min_height=&#8221; vertical_alignment=&#8221; space=&#8221; custom_margin=&#8221; margin=&#8217;0px&#8217; padding=&#8217;0px&#8217; border=&#8221; border_color=&#8221; radius=&#8217;0px&#8217; background_color=&#8221; src=&#8221; background_position=&#8217;top left&#8217; background_repeat=&#8217;no-repeat&#8217; animation=&#8221; av_uid=&#8217;av-12710x&#8217;]<\/p>\n<p>[av_textblock size=&#8221; font_color=&#8221; color=&#8221; av-medium-font-size=&#8221; av-small-font-size=&#8221; av-mini-font-size=&#8221; av_uid=&#8217;av-8ikt3l&#8217; custom_class=&#8221; admin_preview_bg=&#8221;]<\/p>\n<h3>Guter Rat f\u00fcr das, was Sie selbst tun k\u00f6nnen<\/h3>\n<p><a href=\"https:\/\/exigo98559.activehosted.com\/f\/41\" target=\"_blank\" rel=\"noopener noreferrer\">5 typische Fehler in den Zeitpl\u00e4nen \u2013 und wie Sie diese vermeiden k\u00f6nnen<\/a><\/p>\n<p><a href=\"https:\/\/www.dropbox.com\/s\/enewedtt8lnqnfe\/5%20typische%20Fehler%20in%20Mengenangaben.pdf?dl=0\" target=\"_blank\" rel=\"noopener noreferrer\">5 typische Fehler in den Mengenangaben \u2013 und wie Sie diese vermeiden k\u00f6nnen<\/a><br \/>\n[\/av_textblock]<\/p>\n<p>[\/av_one_full][av_one_full first min_height=&#8221; vertical_alignment=&#8217;av-align-top&#8217; space=&#8221; margin=&#8217;0px&#8217; margin_sync=&#8217;true&#8217; padding=&#8217;20px&#8217; padding_sync=&#8217;true&#8217; border=&#8221; border_color=&#8221; radius=&#8217;0px&#8217; radius_sync=&#8217;true&#8217; background_color=&#8217;#f5f5f5&#8242; src=&#8221; attachment=&#8221; attachment_size=&#8221; background_position=&#8217;top left&#8217; background_repeat=&#8217;no-repeat&#8217; animation=&#8221; av_uid=&#8217;av-7mp9dd&#8217;]<br \/>\n[av_textblock size=&#8221; font_color=&#8221; color=&#8221; av-medium-font-size=&#8221; av-small-font-size=&#8221; av-mini-font-size=&#8221; av_uid=&#8217;av-5r8mtd&#8217; admin_preview_bg=&#8221;]<\/p>\n<h3>Sind Sie bereit f\u00fcr Ihr n\u00e4chstes Angebot?<\/h3>\n<p class=\"x_size-161\" style=\"text-align: justify;\">Mit der Beratung von Exigo k\u00f6nnen Sie sicher sein, dass Ihre Angebote realistisch und realisierbar sind. Kontaktieren Sie uns und wir werden herausfinden, wie wir Ihnen helfen k\u00f6nnen.<\/p>\n<p>[\/av_textblock]<\/p>\n<p>[av_button label=&#8217;Kontaktieren Sie uns&#8217; link=&#8217;page,12562&#8242; link_target=&#8221; size=&#8217;large&#8217; position=&#8217;left&#8217; label_display=&#8221; icon_select=&#8217;no&#8217; icon=&#8217;ue800&#8242; font=&#8217;entypo-fontello&#8217; color=&#8217;theme-color&#8217; custom_bg=&#8217;#444444&#8242; custom_font=&#8217;#ffffff&#8217; av_uid=&#8217;av-go7i9&#8242; admin_preview_bg=&#8221;]<\/p>\n<p>[av_codeblock wrapper_element=&#8221; wrapper_element_attributes=&#8221; av_uid=&#8217;av-218lox&#8217;]<\/p>\n<div style=\"display: none;\">tag-follow-me<\/div>\n<p>[\/av_codeblock]<br \/>\n[\/av_one_full]<\/p>","protected":false},"excerpt":{"rendered":"<p>[av_one_full first min_height=&#8221; vertical_alignment=&#8221; space=&#8221; custom_margin=&#8221; margin=&#8217;0px&#8217; padding=&#8217;0px&#8217; border=&#8221; border_color=&#8221; radius=&#8217;0px&#8217; background_color=&#8221; src=&#8221; background_position=&#8217;top left&#8217; background_repeat=&#8217;no-repeat&#8217; animation=&#8221; av_uid=&#8217;av-katnmp&#8217;] [av_image src=&#8217;http:\/\/exigo.dk\/beta\/wp-content\/uploads\/2017\/10\/udbudsr\u00e5dgivning-med-BIM-1.jpg&#8217; attachment=&#8217;7982&#8242; attachment_size=&#8217;full&#8217; align=&#8217;center&#8217; styling=&#8221; hover=&#8221; link=&#8221; target=&#8221; caption=&#8221; font_size=&#8221; appearance=&#8221; overlay_opacity=&#8217;0.4&#8242; overlay_color=&#8217;#000000&#8242; overlay_text_color=&#8217;#ffffff&#8217; animation=&#8217;no-animation&#8217; av_uid=&#8217;av-jf56j5&#8242;][\/av_image] [\/av_one_full] [av_one_full first min_height=&#8221; vertical_alignment=&#8221; space=&#8221; custom_margin=&#8221; margin=&#8217;0px&#8217; padding=&#8217;0px&#8217; border=&#8221; border_color=&#8221; radius=&#8217;0px&#8217; background_color=&#8221; src=&#8221; background_position=&#8217;top left&#8217; background_repeat=&#8217;no-repeat&#8217; animation=&#8221; av_uid=&#8217;av-hft8jl&#8217;] [av_textblock [&hellip;]<\/p>","protected":false},"author":1,"featured_media":0,"parent":12562,"menu_order":0,"comment_status":"closed","ping_status":"closed","template":"","meta":{"_et_pb_use_builder":"","_et_pb_old_content":"","_et_gb_content_width":"","footnotes":""},"aioseo_notices":[],"yoast_head":"<!-- This site is optimized with the Yoast SEO plugin v21.2 - https:\/\/yoast.com\/wordpress\/plugins\/seo\/ -->\n<title>Mit Exigo&#039;s Beratung erstellen sie realistische und realisierbare Angebote.<\/title>\n<meta name=\"description\" content=\"Exigo&#039;s Beratung zur Angebotserstellung hilft, faktenbasierte Angebote aufzustellen, die auf transparenten Ratschl\u00e4gen und gr\u00fcndlichen Analysen basieren.\" \/>\n<meta name=\"robots\" content=\"index, follow, max-snippet:-1, max-image-preview:large, max-video-preview:-1\" \/>\n<link rel=\"canonical\" href=\"https:\/\/exigo.dk\/en\/leistungen\/beratung-fuer-bauherren\/beratung-zur-angebotserstellung\/\" \/>\n<meta property=\"og:locale\" content=\"en_US\" \/>\n<meta property=\"og:type\" content=\"article\" \/>\n<meta property=\"og:title\" content=\"Mit Exigo&#039;s Beratung erstellen sie realistische und realisierbare Angebote.\" \/>\n<meta property=\"og:description\" content=\"Exigo&#039;s Beratung zur Angebotserstellung hilft, faktenbasierte Angebote aufzustellen, die auf transparenten Ratschl\u00e4gen und gr\u00fcndlichen Analysen basieren.\" \/>\n<meta property=\"og:url\" content=\"https:\/\/exigo.dk\/en\/leistungen\/beratung-fuer-bauherren\/beratung-zur-angebotserstellung\/\" \/>\n<meta property=\"og:site_name\" content=\"Exigo\" \/>\n<meta property=\"article:modified_time\" content=\"2020-08-24T07:53:50+00:00\" \/>\n<meta name=\"twitter:card\" content=\"summary_large_image\" \/>\n<meta name=\"twitter:label1\" content=\"Est. reading time\" \/>\n\t<meta name=\"twitter:data1\" content=\"5 minutes\" \/>\n<script type=\"application\/ld+json\" class=\"yoast-schema-graph\">{\"@context\":\"https:\/\/schema.org\",\"@graph\":[{\"@type\":\"WebPage\",\"@id\":\"https:\/\/exigo.dk\/leistungen\/beratung-fuer-bauherren\/beratung-zur-angebotserstellung\/\",\"url\":\"https:\/\/exigo.dk\/leistungen\/beratung-fuer-bauherren\/beratung-zur-angebotserstellung\/\",\"name\":\"Mit Exigo's Beratung erstellen sie realistische und realisierbare Angebote.\",\"isPartOf\":{\"@id\":\"https:\/\/exigo.dk\/#website\"},\"datePublished\":\"2017-06-28T12:09:44+00:00\",\"dateModified\":\"2020-08-24T07:53:50+00:00\",\"description\":\"Exigo's Beratung zur Angebotserstellung hilft, faktenbasierte Angebote aufzustellen, die auf transparenten Ratschl\u00e4gen und gr\u00fcndlichen Analysen basieren.\",\"breadcrumb\":{\"@id\":\"https:\/\/exigo.dk\/leistungen\/beratung-fuer-bauherren\/beratung-zur-angebotserstellung\/#breadcrumb\"},\"inLanguage\":\"en-US\",\"potentialAction\":[{\"@type\":\"ReadAction\",\"target\":[\"https:\/\/exigo.dk\/leistungen\/beratung-fuer-bauherren\/beratung-zur-angebotserstellung\/\"]}]},{\"@type\":\"BreadcrumbList\",\"@id\":\"https:\/\/exigo.dk\/leistungen\/beratung-fuer-bauherren\/beratung-zur-angebotserstellung\/#breadcrumb\",\"itemListElement\":[{\"@type\":\"ListItem\",\"position\":1,\"name\":\"Hjem\",\"item\":\"https:\/\/exigo.dk\/\"},{\"@type\":\"ListItem\",\"position\":2,\"name\":\"Leistungen\",\"item\":\"https:\/\/exigo.dk\/leistungen\/\"},{\"@type\":\"ListItem\",\"position\":3,\"name\":\"Beratung f\u00fcr Bauherren\",\"item\":\"https:\/\/exigo.dk\/leistungen\/beratung-fuer-bauherren\/\"},{\"@type\":\"ListItem\",\"position\":4,\"name\":\"Beratung zur Angebotserstellung\"}]},{\"@type\":\"WebSite\",\"@id\":\"https:\/\/exigo.dk\/#website\",\"url\":\"https:\/\/exigo.dk\/\",\"name\":\"Exigo.dk\",\"description\":\"Projekt- og risikostyring i byggebranchen\",\"publisher\":{\"@id\":\"https:\/\/exigo.dk\/#organization\"},\"potentialAction\":[{\"@type\":\"SearchAction\",\"target\":{\"@type\":\"EntryPoint\",\"urlTemplate\":\"https:\/\/exigo.dk\/?s={search_term_string}\"},\"query-input\":\"required name=search_term_string\"}],\"inLanguage\":\"en-US\"},{\"@type\":\"Organization\",\"@id\":\"https:\/\/exigo.dk\/#organization\",\"name\":\"Exigo A\/S\",\"url\":\"https:\/\/exigo.dk\/\",\"logo\":{\"@type\":\"ImageObject\",\"inLanguage\":\"en-US\",\"@id\":\"https:\/\/exigo.dk\/#\/schema\/logo\/image\/\",\"url\":\"https:\/\/exigo.dk\/wp-content\/uploads\/2019\/10\/Exigo_Logo_small.png\",\"contentUrl\":\"https:\/\/exigo.dk\/wp-content\/uploads\/2019\/10\/Exigo_Logo_small.png\",\"width\":800,\"height\":98,\"caption\":\"Exigo A\/S\"},\"image\":{\"@id\":\"https:\/\/exigo.dk\/#\/schema\/logo\/image\/\"},\"sameAs\":[\"https:\/\/www.linkedin.com\/mwlite\/company\/exigo-consult\"]}]}<\/script>\n<!-- \/ Yoast SEO plugin. -->","yoast_head_json":{"title":"Mit Exigo's Beratung erstellen sie realistische und realisierbare Angebote.","description":"Exigo's Beratung zur Angebotserstellung hilft, faktenbasierte Angebote aufzustellen, die auf transparenten Ratschl\u00e4gen und gr\u00fcndlichen Analysen basieren.","robots":{"index":"index","follow":"follow","max-snippet":"max-snippet:-1","max-image-preview":"max-image-preview:large","max-video-preview":"max-video-preview:-1"},"canonical":"https:\/\/exigo.dk\/en\/leistungen\/beratung-fuer-bauherren\/beratung-zur-angebotserstellung\/","og_locale":"en_US","og_type":"article","og_title":"Mit Exigo's Beratung erstellen sie realistische und realisierbare Angebote.","og_description":"Exigo's Beratung zur Angebotserstellung hilft, faktenbasierte Angebote aufzustellen, die auf transparenten Ratschl\u00e4gen und gr\u00fcndlichen Analysen basieren.","og_url":"https:\/\/exigo.dk\/en\/leistungen\/beratung-fuer-bauherren\/beratung-zur-angebotserstellung\/","og_site_name":"Exigo","article_modified_time":"2020-08-24T07:53:50+00:00","twitter_card":"summary_large_image","twitter_misc":{"Est. reading time":"5 minutes"},"schema":{"@context":"https:\/\/schema.org","@graph":[{"@type":"WebPage","@id":"https:\/\/exigo.dk\/leistungen\/beratung-fuer-bauherren\/beratung-zur-angebotserstellung\/","url":"https:\/\/exigo.dk\/leistungen\/beratung-fuer-bauherren\/beratung-zur-angebotserstellung\/","name":"Mit Exigo's Beratung erstellen sie realistische und realisierbare Angebote.","isPartOf":{"@id":"https:\/\/exigo.dk\/#website"},"datePublished":"2017-06-28T12:09:44+00:00","dateModified":"2020-08-24T07:53:50+00:00","description":"Exigo's Beratung zur Angebotserstellung hilft, faktenbasierte Angebote aufzustellen, die auf transparenten Ratschl\u00e4gen und gr\u00fcndlichen Analysen basieren.","breadcrumb":{"@id":"https:\/\/exigo.dk\/leistungen\/beratung-fuer-bauherren\/beratung-zur-angebotserstellung\/#breadcrumb"},"inLanguage":"en-US","potentialAction":[{"@type":"ReadAction","target":["https:\/\/exigo.dk\/leistungen\/beratung-fuer-bauherren\/beratung-zur-angebotserstellung\/"]}]},{"@type":"BreadcrumbList","@id":"https:\/\/exigo.dk\/leistungen\/beratung-fuer-bauherren\/beratung-zur-angebotserstellung\/#breadcrumb","itemListElement":[{"@type":"ListItem","position":1,"name":"Hjem","item":"https:\/\/exigo.dk\/"},{"@type":"ListItem","position":2,"name":"Leistungen","item":"https:\/\/exigo.dk\/leistungen\/"},{"@type":"ListItem","position":3,"name":"Beratung f\u00fcr Bauherren","item":"https:\/\/exigo.dk\/leistungen\/beratung-fuer-bauherren\/"},{"@type":"ListItem","position":4,"name":"Beratung zur Angebotserstellung"}]},{"@type":"WebSite","@id":"https:\/\/exigo.dk\/#website","url":"https:\/\/exigo.dk\/","name":"Exigo.dk","description":"Projekt- og risikostyring i byggebranchen","publisher":{"@id":"https:\/\/exigo.dk\/#organization"},"potentialAction":[{"@type":"SearchAction","target":{"@type":"EntryPoint","urlTemplate":"https:\/\/exigo.dk\/?s={search_term_string}"},"query-input":"required name=search_term_string"}],"inLanguage":"en-US"},{"@type":"Organization","@id":"https:\/\/exigo.dk\/#organization","name":"Exigo A\/S","url":"https:\/\/exigo.dk\/","logo":{"@type":"ImageObject","inLanguage":"en-US","@id":"https:\/\/exigo.dk\/#\/schema\/logo\/image\/","url":"https:\/\/exigo.dk\/wp-content\/uploads\/2019\/10\/Exigo_Logo_small.png","contentUrl":"https:\/\/exigo.dk\/wp-content\/uploads\/2019\/10\/Exigo_Logo_small.png","width":800,"height":98,"caption":"Exigo A\/S"},"image":{"@id":"https:\/\/exigo.dk\/#\/schema\/logo\/image\/"},"sameAs":["https:\/\/www.linkedin.com\/mwlite\/company\/exigo-consult"]}]}},"_links":{"self":[{"href":"https:\/\/exigo.dk\/en\/wp-json\/wp\/v2\/pages\/12603"}],"collection":[{"href":"https:\/\/exigo.dk\/en\/wp-json\/wp\/v2\/pages"}],"about":[{"href":"https:\/\/exigo.dk\/en\/wp-json\/wp\/v2\/types\/page"}],"author":[{"embeddable":true,"href":"https:\/\/exigo.dk\/en\/wp-json\/wp\/v2\/users\/1"}],"replies":[{"embeddable":true,"href":"https:\/\/exigo.dk\/en\/wp-json\/wp\/v2\/comments?post=12603"}],"version-history":[{"count":5,"href":"https:\/\/exigo.dk\/en\/wp-json\/wp\/v2\/pages\/12603\/revisions"}],"predecessor-version":[{"id":29236,"href":"https:\/\/exigo.dk\/en\/wp-json\/wp\/v2\/pages\/12603\/revisions\/29236"}],"up":[{"embeddable":true,"href":"https:\/\/exigo.dk\/en\/wp-json\/wp\/v2\/pages\/12562"}],"wp:attachment":[{"href":"https:\/\/exigo.dk\/en\/wp-json\/wp\/v2\/media?parent=12603"}],"curies":[{"name":"wp","href":"https:\/\/api.w.org\/{rel}","templated":true}]}}