{"id":13224,"date":"2017-07-24T12:53:33","date_gmt":"2017-07-24T10:53:33","guid":{"rendered":"https:\/\/exigo.dk\/ueber-uns\/forretningsbetingelser\/"},"modified":"2019-09-11T18:27:45","modified_gmt":"2019-09-11T16:27:45","slug":"geschaeftsbedingungen","status":"publish","type":"page","link":"https:\/\/exigo.dk\/de\/ueber-uns\/geschaeftsbedingungen\/","title":{"rendered":"Gesch\u00e4ftsbedingungen"},"content":{"rendered":"<p>[av_one_full first min_height=&#8221; vertical_alignment=&#8221; space=&#8221; custom_margin=&#8221; margin=&#8217;0px&#8217; padding=&#8217;0px&#8217; border=&#8221; border_color=&#8221; radius=&#8217;0px&#8217; background_color=&#8221; src=&#8221; background_position=&#8217;top left&#8217; background_repeat=&#8217;no-repeat&#8217; animation=&#8221; av_uid=&#8217;av-7eqxd1&#8242;]<br \/>\n[av_textblock size=&#8221; font_color=&#8221; color=&#8221; av-medium-font-size=&#8221; av-small-font-size=&#8221; av-mini-font-size=&#8221; av_uid=&#8217;av-5eyoyd&#8217; admin_preview_bg=&#8221;]<\/p>\n<h1>Gesch\u00e4ftsbedingungen<\/h1>\n<p>[\/av_textblock]<br \/>\n[\/av_one_full]<\/p>\n<p>[av_one_full first min_height=&#8221; vertical_alignment=&#8221; space=&#8221; custom_margin=&#8221; margin=&#8217;0px&#8217; padding=&#8217;0px&#8217; border=&#8221; border_color=&#8221; radius=&#8217;0px&#8217; background_color=&#8221; src=&#8221; background_position=&#8217;top left&#8217; background_repeat=&#8217;no-repeat&#8217; animation=&#8221; av_uid=&#8217;av-ftsgl&#8217;]<\/p>\n<p>[av_textblock size=&#8221; font_color=&#8221; color=&#8221; av-medium-font-size=&#8221; av-small-font-size=&#8221; av-mini-font-size=&#8221; av_uid=&#8217;av-2g9tcl&#8217; admin_preview_bg=&#8221;]<\/p>\n<h3>Anwendung<\/h3>\n<p class=\"x_size-161\" style=\"text-align: justify;\">Diese Bedingungen gelten f\u00fcr alle Vertr\u00e4ge \u00fcber den Verkauf von Dienstleistungen und anderen Produkten, die von Exigo A\/S, CVR No. 33 36 97 78 (nachstehend als &#8220;Exigo&#8221; bezeichnet) mit den Kunden dieses Unternehmens geschlossen werden.<\/p>\n<p class=\"x_size-161\" style=\"text-align: justify;\">Zus\u00e4tzlich zu diesen Gesch\u00e4ftsbedingungen ist ABR89 anwendbar, sofern in den Gesch\u00e4ftsbedingungen oder der Vereinbarung mit dem Kunden nicht von ABR89 abgewichen wird.<\/p>\n<h3>G\u00fcltigkeit<\/h3>\n<p class=\"x_size-161\" style=\"text-align: justify;\">Die Gesch\u00e4ftsbedingungen gelten ab dem 1. Januar 2011 und gelten mangels anderer schriftlicher Vereinbarung f\u00fcr den Verkauf von Dienstleistungen und Produkten, die Exigo dem Kunden nach diesem Datum zur Verf\u00fcgung stellt.<\/p>\n<p class=\"x_size-161\" style=\"text-align: justify;\">Vorbehaltlich sp\u00e4terer \u00c4nderungen der Gesch\u00e4ftsbedingungen. Die aktualisierten Gesch\u00e4ftsbedingungen von Exigo sind auf der Exigo-Website www.exigo.dk verf\u00fcgbar.<\/p>\n<h3>Abschluss des Abkommens<\/h3>\n<p class=\"x_size-161\" style=\"text-align: justify;\">Angebote von Exigo verfallen 30 Tage ab dem Datum der Einreichung. Angebote k\u00f6nnen jedoch jederzeit widerrufen oder ge\u00e4ndert werden.<\/p>\n<p class=\"x_size-161\" style=\"text-align: justify;\">Ein Angebot gilt als angenommen, wenn 1) die Auftragsbest\u00e4tigung von Exigo in F\u00e4llen abgegeben wird, in denen der Kunde die Bestellung ohne vorheriges Angebot von Exigo aufgegeben hat, oder 2) bei schriftlicher Annahme des Kunden oder bei Zahlung der ersten Rate durch den Kunden gem\u00e4\u00df einem Angebot von Exigo.<\/p>\n<h3>Preise und Zahlungsbedingungen<\/h3>\n<p>Sofern nicht anders angegeben, sind alle Preise exkl. MwSt.<\/p>\n<p>Exigo f\u00fchrt Aufgaben entweder zum Festpreis (Angebot) oder nach st\u00fcndlicher Bezahlung aus.<\/p>\n<p>Der Stundensatz ist in der aktuellen Preisliste von Exigo angegeben. Die Arbeit wird monatlich nachtr\u00e4glich in Rechnung gestellt, zusammen mit einer Aufstellung der aufgewendeten Zeit. Der Stundensatz wird ein (1) Mal pro Jahr pro Jahr zum 1. Januar mit der Entwicklung des Lohnindex f\u00fcr den privaten Sektor angepasst.<\/p>\n<p>Die Zahlungsfrist betr\u00e4gt acht (8) Tage ab Rechnungsdatum. Bei versp\u00e4teter Zahlung werden Zinsen ab Beginn der Zahlungsfrist mit 2% pro angefangenen Monat berechnet.<\/p>\n<p>Bei versp\u00e4teter Zahlung ist Exigo berechtigt, ohne Einhaltung einer Frist und ohne Haftung die Erf\u00fcllung seiner Verpflichtungen gegen\u00fcber dem Kunden in Bezug auf das konkrete Projekt oder in Bezug auf sonstige Rechtsbeziehungen zwischen den Parteien auszusetzen. Der Kunde erh\u00e4lt eine schriftliche Benachrichtigung, wenn Exigo das Projekt anh\u00e4lt.<\/p>\n<p>Erh\u00e4lt der Kunde am vereinbarten Tag keine Leistung, ist die Zahlung trotzdem so zu leisten, als ob die Lieferung vereinbarungsgem\u00e4\u00df erfolgt w\u00e4re.<\/p>\n<p>Wenn vereinbart wurde, dass eine Dienstleistung in mehreren Teillieferungen zu erbringen ist und vereinbart wurde, dass dem Kunden nach Lieferung der letzten Teillieferung die Rechnung gestellt werden muss, ist Exigo berechtigt, Teillieferungen vorab abzurechnen, wenn der Kunde den Zeitpunkt der Teillieferung auf einen sp\u00e4teren Zeitpunkt verschiebt und die Teillieferung zu diesem Zeitpunkt bereits, wie zuvor vereinbart, fertigestellt war.<\/p>\n<h3>Der vereinbarte Leistung<\/h3>\n<p>Exigo ist verpflichtet, dem Kunden die in Exigos Angebot, der L\u00f6sungsbeschreibung oder der Vereinbarung der Parteien beschriebene Dienstleistung zu erbringen.<\/p>\n<p>Vor Beginn der Arbeiten von Exigo ist der Kunde daf\u00fcr verantwortlich, sicherzustellen, dass das Angebot, die L\u00f6sungsbeschreibung oder die Vereinbarung der Parteien von Exigo f\u00fcr die vom Kunden bestellte Dienstleistung vollst\u00e4ndig ist. Der Kunde tr\u00e4gt somit die volle Verantwortung daf\u00fcr, dass das Projekt im Angebot, in der L\u00f6sungsbeschreibung oder in der Vereinbarung der Parteien eindeutig und umfassend beschrieben wird, sofern nichts anderes vereinbart ist.<\/p>\n<p>\u00c4nderungen der L\u00f6sungsbeschreibung, des Angebots oder der Vereinbarung m\u00fcssen von den Parteien schriftlich vereinbart werden. Sofern nichts anderes vereinbart ist, tr\u00e4gt der Kunde die volle Verantwortung daf\u00fcr, dass die \u00c4nderung des Projekts in einer L\u00f6sungsbeschreibung eindeutig und umfassend beschrieben wird.<\/p>\n<p>Es liegt in der Verantwortung des Kunden, alle erforderlichen Informationen zum Projekt bereitzustellen.<\/p>\n<p>Soweit dies nicht ausdr\u00fccklich vereinbart ist, enth\u00e4lt der Service von Exigo keine Beratung zu den baulichen Bedingungen des Projekts, der Statik oder der Bema\u00dfung, und Exigo \u00fcbernimmt keine Verantwortung daf\u00fcr.<\/p>\n<h3>Zeitplan<\/h3>\n<p>Wenn ein Zeitplan zwischen den Parteien vereinbart wurde, ist Exigo daf\u00fcr verantwortlich, das Projekt gem\u00e4\u00df dem Zeitplan durchzuf\u00fchren.<\/p>\n<p>Wenn kein Zeitplan vereinbart wurde, muss das Projekt mit der Geschwindigkeit durchgef\u00fchrt werden, die je nach Umfang des Projekts und den Umst\u00e4nden angemessen ist.<\/p>\n<h3>Zusammenarbeit w\u00e4hrend der Ausf\u00fchrung der Arbeit<\/h3>\n<p>Das Projekt muss in Absprache zwischen den Parteien durchgef\u00fchrt werden. Konsultationen m\u00fcssen durch regelm\u00e4\u00dfigen Kontakt zwischen den Kontaktpersonen der Parteien stattfinden.<\/p>\n<p>Sofern nichts anderes vereinbart ist, ist der Kunde f\u00fcr die Koordination und Organisation des Projekts in seinem eigenen Unternehmen verantwortlich.<\/p>\n<p>Exigo ist berechtigt, Subunternehmer f\u00fcr die Durchf\u00fchrung des Projekts zu akzeptieren. Exigo ist gegen\u00fcber dem Kunden in jeder Hinsicht f\u00fcr die von Subunternehmern geleistete Arbeit verantwortlich.<\/p>\n<p>Wenn Exigo den Kunden zur L\u00f6sung einer Aufgabe an einen Dritten verweist, \u00fcbernimmt Exigo keine Verantwortung f\u00fcr die Leistung, Handlung oder Unterlassung des Dritten.<\/p>\n<h3>Zus\u00e4tzliche Arbeit<\/h3>\n<p>Exigo muss den Kunden so schnell wie m\u00f6glich \u00fcber den Bedarf an zus\u00e4tzlichen Dienstleistungen oder die Verl\u00e4ngerung des Projekts informieren. Exigo informiert, ob Exigo die Zusatzleistungen oder die Erweiterung des Projekts als zus\u00e4tzliche Arbeit betrachtet, die nicht im Projektplan, in der L\u00f6sungsbeschreibung oder im Angebot enthalten ist.<\/p>\n<p>Besteht w\u00e4hrend der Projektdurchf\u00fchrung Bedarf an Mehrarbeit, werden diese gem\u00e4\u00df Punkt 4.3. gesondert in Rechnung gestellt.<\/p>\n<h3>Fertigstellung der Arbeiten \/ M\u00e4ngel bei der Arbeit<\/h3>\n<p>Nach Abschluss eines Projekts wird Exigo das vereinbarte Projekt dem Kunden \u00fcbergeben. Die Art der Einreichung h\u00e4ngt vom Umfang und der Komplexit\u00e4t ab.<\/p>\n<p>Der Kunde muss dann erkannte Fehler und M\u00e4ngel innerhalb einer angemessenen Zeit bei Exigo reklamieren. Fehler und M\u00e4ngel, f\u00fcr die innerhalb eines (1) Monats nach Einreichung eines Projekts eine Reklamierung eingereicht wurde, werden von Exigo kostenlos berichtigt. Wenn der Kunde sp\u00e4ter als einen (1) Monat nach Einreichung eines Projekts f\u00fcr M\u00e4ngel und M\u00e4ngel reklamiert, erlischt die Verpflichtung von Exigo zur kostenfreien M\u00e4ngelbeseitigung.<\/p>\n<p>Dem Kunden obliegt es daher unmittelbar nach Einreichung des Projekts, eigene Tests des Projekts samt dessen Erf\u00fcllung der L\u00f6sungsbeschreibung und etwaiger Anlagen durchzuf\u00fchren. Wenn der Kunde nicht innerhalb eines Monats nach Lieferung auf M\u00e4ngel hinweist, kann Exigo keine kostenfreie Nacherf\u00fcllung gew\u00e4hren.<\/p>\n<p>Wenn Exigo f\u00fcr einen Fehler oder einen Mangel verantwortlich ist, muss dieser Fehler innerhalb eines angemessenen Zeitraums behoben werden oder der Kunde muss dar\u00fcber informiert werden, wie dieser behoben werden kann.<\/p>\n<p>Stellt sich w\u00e4hrend der Fehlerbeseitigung heraus, dass Exigo nicht f\u00fcr den Fehler verantwortlich ist, ist Exigo berechtigt, die Nachbesserungsarbeiten gem\u00e4\u00df der geltenden Preisliste in Rechnung zu stellen.<\/p>\n<p>Fehler, die durch Betriebsbedingungen, durch Fremdsoftware oder durch eigene Arbeiten des Kunden verursacht werden, k\u00f6nnen nicht Exigo zugeschrieben werden. Der Kunde kann gegen\u00fcber Exigo auch keinen Anspruch auf M\u00e4ngel geltend machen, die der Kunde zu einem fr\u00fcheren Zeitpunkt genehmigt hat.<\/p>\n<p>Der Kunde hat die Beweislast daf\u00fcr, dass M\u00e4ngel oder Sch\u00e4den auf Handlungen oder Unterlassungen Exigos zur\u00fcckzuf\u00fchren sind.<\/p>\n<h3>Verz\u00f6gerung<\/h3>\n<p>Wenn die Parteien einen Zeitplan vereinbart haben, kommt es zu einer Verz\u00f6gerung, wenn die Lieferung des Projekts nicht zum vereinbarten Liefertermin erfolgt ist. Die Versp\u00e4tung l\u00e4uft bis zum Liefertermin.<\/p>\n<p>Wenn die Versp\u00e4tung auf Umst\u00e4nden beruht, die nicht im Projekt von Exigo enthalten sind, ist Exigo berechtigt, den vereinbarten Liefertermin um mindestens die der Versp\u00e4tung entsprechende Anzahl Tage zu verschieben.<\/p>\n<p>Wenn es Umst\u00e4nde gibt, die eine weitere Verschiebung rechtfertigen, ist dies gerechtfertigt, wenn Exigo die Angemessenheit angeben kann.<\/p>\n<p>Die folgenden Gr\u00fcnde f\u00fcr eine Versp\u00e4tung werden immer als angemessen betrachtet und sind f\u00fcr eine Fristverl\u00e4ngerung geeignet:<\/p>\n<ul>\n<li>\u00c4nderungen an der vereinbarten Arbeit, die der Kunde w\u00fcnscht<\/li>\n<li>Verz\u00f6gerung des Kunden<\/li>\n<li>Andere Bedingungen beim Kunden, die ohne das Verschulden Exigos entstehen<\/li>\n<li>Bedingungen, die ohne Verschulden von Exigo auftreten und \u00fcber die Exigo nicht Herr ist, z.B. Krieg, ungew\u00f6hnliche Naturereignisse, Feuer, Streiks, Aussperrung oder Vandalismus<\/li>\n<li>\u00d6ffentliche Anordnungen oder Verbote, die nicht auf die eigenen Umst\u00e4nde von Exigo zur\u00fcckzuf\u00fchren sind<\/li>\n<\/ul>\n<h3>Entsch\u00e4digung<\/h3>\n<p>Die Parteien mit den in diesen Gesch\u00e4ftsbedingungen genannten Einschr\u00e4nkungen oder Erg\u00e4nzungen haften sich nach den allgemeinen Regeln des d\u00e4nischen Rechts. Exigo \u00fcbernimmt keine Haftung gegen\u00fcber Dritten.<\/p>\n<p>Exigo hat Anspruch auf Ersatz von Sch\u00e4den, die direkt aus der Versp\u00e4tung des Kunden oder sonstigen schuldhaften Bedingungen beim Kunden resultieren.<\/p>\n<p>Sofern nicht im Zusammenhang mit der jeweiligen Aufgabe schriftlich etwas anderes vereinbart wurde, haftet Exigo nicht f\u00fcr Versp\u00e4tungen oder Fehler und Arbeitsm\u00e4ngel, die zu Betriebsverlusten, Verdienstausf\u00e4llen und anderen Folgesch\u00e4den, indirekten Sch\u00e4den und finanziellen Folgesch\u00e4den bei dem Kunden f\u00fchren. Die Einschr\u00e4nkung gilt jedoch nicht, wenn Exigo grob fahrl\u00e4ssig gehandelt hat.<\/p>\n<p>Die Haftung von Exigo gegen\u00fcber dem Kunden ist immer auf das Dreifache des f\u00fcr die Aufgabe vereinbarten Entgelts begrenzt, und wenn kein festes Entgelt vereinbart wurde, dann auf das f\u00fcr den Auftrag angemessene Entgelt. Unabh\u00e4ngig davon kann Exigos Verantwortung f\u00fcr ein Projekt oder einen einzelnen Kunden im selben Kalenderjahr 5.000.000 DKK nicht \u00fcberschreiten.<\/p>\n<p>Im Falle einer versp\u00e4teten Haftung wurde die Haftung von Exigo f\u00fcr Sch\u00e4den zu halben (0,5)% pro angefangener Woche vereinbart, jedoch auf maximal 10% der Geb\u00fchr von Exigo.<\/p>\n<h3>Eigentumsvorbehalt<\/h3>\n<p>Alle von Exigo angebotenen Dienstleistungen und Produkte jeglicher Art bleiben Eigentum von Exigo, bis alle mit der Lieferung verbundenen Betr\u00e4ge einschlie\u00dflich aller Zinsen und Kosten vollst\u00e4ndig bezahlt sind.<\/p>\n<p>Wenn der Kunde in ein Insolvenzverfahren ger\u00e4t und die Vereinbarung nicht einh\u00e4lt oder eingeht, ist der Kunde auf Verlangen verpflichtet, die erbrachten Leistungen an den Kunden zur\u00fcckzugeben.<\/p>\n<h3>Rechte<\/h3>\n<p>Exigo besitzt die vollen Urheber- und Nutzungsrechte f\u00fcr die f\u00fcr den Kunden entwickelten Daten und Materialien.<\/p>\n<p>Der Kunde erh\u00e4lt ein nicht ausschlie\u00dfliches, \u00fcbertragbares Recht zur Nutzung der von Exigo entwickelten Daten und Materialien.<\/p>\n<p>Wenn der Kunde das Nutzungsrecht unbefugt einem Dritten \u00fcberl\u00e4sst, haftet der Kunde gegen\u00fcber Exigo f\u00fcr jeden Versto\u00df mit DKK 1.000.000.<\/p>\n<h3>Vertraulichkeit<\/h3>\n<p>Exigo verpflichtet sich, im Zusammenhang mit der Durchf\u00fchrung bestimmter Projekte und der Zusammenarbeit im Allgemeinen keine vertraulichen Informationen an Dritte weiterzugeben. Exigo ist jedoch berechtigt, zu Marketingzwecken den Kunden oder das Projekt als Referenz anzugeben.<\/p>\n<p>Exigo gibt die pers\u00f6nlichen Daten des Kunden nicht ohne die ausdr\u00fcckliche Zustimmung des Kunden an Dritte weiter.<\/p>\n<p>F\u00fcr den Kunden entwickelte Daten und Material sind streng vertraulich zu behandeln und d\u00fcrfen nicht an Dritte weitergegeben werden.<\/p>\n<h3>Streitigkeiten und anwendbares Recht<\/h3>\n<p>Alle Streitigkeiten, die sich aus der Vereinbarung der Parteien ergeben oder darauf bezogen sind, werden durch die Entscheidung von Exigo vor den d\u00e4nischen Gerichten oder durch Schiedsverfahren gem\u00e4\u00df ABR89 beigelegt.<\/p>\n<p>Alle rechtlichen Fragen, die sich im Zusammenhang mit dem Vertrag ergeben k\u00f6nnen, sowie alle zugrunde liegenden Lieferungen m\u00fcssen gem\u00e4\u00df des d\u00e4nischen Rechts beurteilt werden, mit Ausnahme des d\u00e4nischen Gesetzes \u00fcber das internationale Privatrecht (kein Recht).<br \/>\n[\/av_textblock]<\/p>\n<p>[\/av_one_full]<\/p>","protected":false},"excerpt":{"rendered":"<p>[av_one_full first min_height=&#8221; vertical_alignment=&#8221; space=&#8221; custom_margin=&#8221; margin=&#8217;0px&#8217; padding=&#8217;0px&#8217; border=&#8221; border_color=&#8221; radius=&#8217;0px&#8217; background_color=&#8221; src=&#8221; background_position=&#8217;top left&#8217; background_repeat=&#8217;no-repeat&#8217; animation=&#8221; av_uid=&#8217;av-7eqxd1&#8242;] [av_textblock size=&#8221; font_color=&#8221; color=&#8221; av-medium-font-size=&#8221; av-small-font-size=&#8221; av-mini-font-size=&#8221; av_uid=&#8217;av-5eyoyd&#8217; admin_preview_bg=&#8221;] Gesch\u00e4ftsbedingungen [\/av_textblock] [\/av_one_full] [av_one_full first min_height=&#8221; vertical_alignment=&#8221; space=&#8221; custom_margin=&#8221; margin=&#8217;0px&#8217; padding=&#8217;0px&#8217; border=&#8221; border_color=&#8221; radius=&#8217;0px&#8217; background_color=&#8221; src=&#8221; background_position=&#8217;top left&#8217; background_repeat=&#8217;no-repeat&#8217; animation=&#8221; av_uid=&#8217;av-ftsgl&#8217;] [av_textblock size=&#8221; font_color=&#8221; color=&#8221; av-medium-font-size=&#8221; av-small-font-size=&#8221; av-mini-font-size=&#8221; [&hellip;]<\/p>","protected":false},"author":1,"featured_media":0,"parent":12909,"menu_order":0,"comment_status":"closed","ping_status":"closed","template":"","meta":{"_et_pb_use_builder":"on","_et_pb_old_content":"","_et_gb_content_width":"","footnotes":""},"aioseo_notices":[],"yoast_head":"<!-- This site is optimized with the Yoast SEO plugin v21.2 - https:\/\/yoast.com\/wordpress\/plugins\/seo\/ -->\n<title>Exigo sorgt bei Gesch\u00e4ftsabschl\u00fcssen f\u00fcr hohe Qualit\u00e4t in Vereinbarungen<\/title>\n<meta name=\"description\" content=\"Exigo&#039;s Gesch\u00e4ftsbedingungen gelten f\u00fcr alle Vertr\u00e4ge \u00fcber Produkte und Dienstleistungen, die von Exigo mit seinen Kunden geschlossen werden.\" \/>\n<meta name=\"robots\" content=\"index, follow, max-snippet:-1, max-image-preview:large, max-video-preview:-1\" \/>\n<link rel=\"canonical\" href=\"https:\/\/exigo.dk\/de\/ueber-uns\/geschaeftsbedingungen\/\" \/>\n<meta property=\"og:locale\" content=\"de_DE\" \/>\n<meta property=\"og:type\" content=\"article\" \/>\n<meta property=\"og:title\" content=\"Exigo sorgt bei Gesch\u00e4ftsabschl\u00fcssen f\u00fcr hohe Qualit\u00e4t in Vereinbarungen\" \/>\n<meta property=\"og:description\" content=\"Exigo&#039;s Gesch\u00e4ftsbedingungen gelten f\u00fcr alle Vertr\u00e4ge \u00fcber Produkte und Dienstleistungen, die von Exigo mit seinen Kunden geschlossen werden.\" \/>\n<meta property=\"og:url\" content=\"https:\/\/exigo.dk\/de\/ueber-uns\/geschaeftsbedingungen\/\" \/>\n<meta property=\"og:site_name\" content=\"Exigo\" \/>\n<meta property=\"article:modified_time\" content=\"2019-09-11T16:27:45+00:00\" \/>\n<meta name=\"twitter:card\" content=\"summary_large_image\" \/>\n<meta name=\"twitter:label1\" content=\"Gesch\u00e4tzte Lesezeit\" \/>\n\t<meta name=\"twitter:data1\" content=\"10\u00a0Minuten\" \/>\n<script type=\"application\/ld+json\" class=\"yoast-schema-graph\">{\"@context\":\"https:\/\/schema.org\",\"@graph\":[{\"@type\":\"WebPage\",\"@id\":\"https:\/\/exigo.dk\/ueber-uns\/geschaeftsbedingungen\/\",\"url\":\"https:\/\/exigo.dk\/ueber-uns\/geschaeftsbedingungen\/\",\"name\":\"Exigo sorgt bei Gesch\u00e4ftsabschl\u00fcssen f\u00fcr hohe Qualit\u00e4t in Vereinbarungen\",\"isPartOf\":{\"@id\":\"https:\/\/exigo.dk\/#website\"},\"datePublished\":\"2017-07-24T10:53:33+00:00\",\"dateModified\":\"2019-09-11T16:27:45+00:00\",\"description\":\"Exigo's Gesch\u00e4ftsbedingungen gelten f\u00fcr alle Vertr\u00e4ge \u00fcber Produkte und Dienstleistungen, die von Exigo mit seinen Kunden geschlossen werden.\",\"breadcrumb\":{\"@id\":\"https:\/\/exigo.dk\/ueber-uns\/geschaeftsbedingungen\/#breadcrumb\"},\"inLanguage\":\"de\",\"potentialAction\":[{\"@type\":\"ReadAction\",\"target\":[\"https:\/\/exigo.dk\/ueber-uns\/geschaeftsbedingungen\/\"]}]},{\"@type\":\"BreadcrumbList\",\"@id\":\"https:\/\/exigo.dk\/ueber-uns\/geschaeftsbedingungen\/#breadcrumb\",\"itemListElement\":[{\"@type\":\"ListItem\",\"position\":1,\"name\":\"Hjem\",\"item\":\"https:\/\/exigo.dk\/\"},{\"@type\":\"ListItem\",\"position\":2,\"name\":\"\u00dcber uns\",\"item\":\"https:\/\/exigo.dk\/ueber-uns\/\"},{\"@type\":\"ListItem\",\"position\":3,\"name\":\"Gesch\u00e4ftsbedingungen\"}]},{\"@type\":\"WebSite\",\"@id\":\"https:\/\/exigo.dk\/#website\",\"url\":\"https:\/\/exigo.dk\/\",\"name\":\"Exigo.dk\",\"description\":\"Projekt- og risikostyring i byggebranchen\",\"publisher\":{\"@id\":\"https:\/\/exigo.dk\/#organization\"},\"potentialAction\":[{\"@type\":\"SearchAction\",\"target\":{\"@type\":\"EntryPoint\",\"urlTemplate\":\"https:\/\/exigo.dk\/?s={search_term_string}\"},\"query-input\":\"required name=search_term_string\"}],\"inLanguage\":\"de\"},{\"@type\":\"Organization\",\"@id\":\"https:\/\/exigo.dk\/#organization\",\"name\":\"Exigo A\/S\",\"url\":\"https:\/\/exigo.dk\/\",\"logo\":{\"@type\":\"ImageObject\",\"inLanguage\":\"de\",\"@id\":\"https:\/\/exigo.dk\/#\/schema\/logo\/image\/\",\"url\":\"https:\/\/exigo.dk\/wp-content\/uploads\/2019\/10\/Exigo_Logo_small.png\",\"contentUrl\":\"https:\/\/exigo.dk\/wp-content\/uploads\/2019\/10\/Exigo_Logo_small.png\",\"width\":800,\"height\":98,\"caption\":\"Exigo A\/S\"},\"image\":{\"@id\":\"https:\/\/exigo.dk\/#\/schema\/logo\/image\/\"},\"sameAs\":[\"https:\/\/www.linkedin.com\/mwlite\/company\/exigo-consult\"]}]}<\/script>\n<!-- \/ Yoast SEO plugin. -->","yoast_head_json":{"title":"Exigo sorgt bei Gesch\u00e4ftsabschl\u00fcssen f\u00fcr hohe Qualit\u00e4t in Vereinbarungen","description":"Exigo's Gesch\u00e4ftsbedingungen gelten f\u00fcr alle Vertr\u00e4ge \u00fcber Produkte und Dienstleistungen, die von Exigo mit seinen Kunden geschlossen werden.","robots":{"index":"index","follow":"follow","max-snippet":"max-snippet:-1","max-image-preview":"max-image-preview:large","max-video-preview":"max-video-preview:-1"},"canonical":"https:\/\/exigo.dk\/de\/ueber-uns\/geschaeftsbedingungen\/","og_locale":"de_DE","og_type":"article","og_title":"Exigo sorgt bei Gesch\u00e4ftsabschl\u00fcssen f\u00fcr hohe Qualit\u00e4t in Vereinbarungen","og_description":"Exigo's Gesch\u00e4ftsbedingungen gelten f\u00fcr alle Vertr\u00e4ge \u00fcber Produkte und Dienstleistungen, die von Exigo mit seinen Kunden geschlossen werden.","og_url":"https:\/\/exigo.dk\/de\/ueber-uns\/geschaeftsbedingungen\/","og_site_name":"Exigo","article_modified_time":"2019-09-11T16:27:45+00:00","twitter_card":"summary_large_image","twitter_misc":{"Gesch\u00e4tzte Lesezeit":"10\u00a0Minuten"},"schema":{"@context":"https:\/\/schema.org","@graph":[{"@type":"WebPage","@id":"https:\/\/exigo.dk\/ueber-uns\/geschaeftsbedingungen\/","url":"https:\/\/exigo.dk\/ueber-uns\/geschaeftsbedingungen\/","name":"Exigo sorgt bei Gesch\u00e4ftsabschl\u00fcssen f\u00fcr hohe Qualit\u00e4t in Vereinbarungen","isPartOf":{"@id":"https:\/\/exigo.dk\/#website"},"datePublished":"2017-07-24T10:53:33+00:00","dateModified":"2019-09-11T16:27:45+00:00","description":"Exigo's Gesch\u00e4ftsbedingungen gelten f\u00fcr alle Vertr\u00e4ge \u00fcber Produkte und Dienstleistungen, die von Exigo mit seinen Kunden geschlossen werden.","breadcrumb":{"@id":"https:\/\/exigo.dk\/ueber-uns\/geschaeftsbedingungen\/#breadcrumb"},"inLanguage":"de","potentialAction":[{"@type":"ReadAction","target":["https:\/\/exigo.dk\/ueber-uns\/geschaeftsbedingungen\/"]}]},{"@type":"BreadcrumbList","@id":"https:\/\/exigo.dk\/ueber-uns\/geschaeftsbedingungen\/#breadcrumb","itemListElement":[{"@type":"ListItem","position":1,"name":"Hjem","item":"https:\/\/exigo.dk\/"},{"@type":"ListItem","position":2,"name":"\u00dcber uns","item":"https:\/\/exigo.dk\/ueber-uns\/"},{"@type":"ListItem","position":3,"name":"Gesch\u00e4ftsbedingungen"}]},{"@type":"WebSite","@id":"https:\/\/exigo.dk\/#website","url":"https:\/\/exigo.dk\/","name":"Exigo.dk","description":"Projekt- og risikostyring i byggebranchen","publisher":{"@id":"https:\/\/exigo.dk\/#organization"},"potentialAction":[{"@type":"SearchAction","target":{"@type":"EntryPoint","urlTemplate":"https:\/\/exigo.dk\/?s={search_term_string}"},"query-input":"required name=search_term_string"}],"inLanguage":"de"},{"@type":"Organization","@id":"https:\/\/exigo.dk\/#organization","name":"Exigo A\/S","url":"https:\/\/exigo.dk\/","logo":{"@type":"ImageObject","inLanguage":"de","@id":"https:\/\/exigo.dk\/#\/schema\/logo\/image\/","url":"https:\/\/exigo.dk\/wp-content\/uploads\/2019\/10\/Exigo_Logo_small.png","contentUrl":"https:\/\/exigo.dk\/wp-content\/uploads\/2019\/10\/Exigo_Logo_small.png","width":800,"height":98,"caption":"Exigo A\/S"},"image":{"@id":"https:\/\/exigo.dk\/#\/schema\/logo\/image\/"},"sameAs":["https:\/\/www.linkedin.com\/mwlite\/company\/exigo-consult"]}]}},"_links":{"self":[{"href":"https:\/\/exigo.dk\/de\/wp-json\/wp\/v2\/pages\/13224"}],"collection":[{"href":"https:\/\/exigo.dk\/de\/wp-json\/wp\/v2\/pages"}],"about":[{"href":"https:\/\/exigo.dk\/de\/wp-json\/wp\/v2\/types\/page"}],"author":[{"embeddable":true,"href":"https:\/\/exigo.dk\/de\/wp-json\/wp\/v2\/users\/1"}],"replies":[{"embeddable":true,"href":"https:\/\/exigo.dk\/de\/wp-json\/wp\/v2\/comments?post=13224"}],"version-history":[{"count":3,"href":"https:\/\/exigo.dk\/de\/wp-json\/wp\/v2\/pages\/13224\/revisions"}],"predecessor-version":[{"id":25172,"href":"https:\/\/exigo.dk\/de\/wp-json\/wp\/v2\/pages\/13224\/revisions\/25172"}],"up":[{"embeddable":true,"href":"https:\/\/exigo.dk\/de\/wp-json\/wp\/v2\/pages\/12909"}],"wp:attachment":[{"href":"https:\/\/exigo.dk\/de\/wp-json\/wp\/v2\/media?parent=13224"}],"curies":[{"name":"wp","href":"https:\/\/api.w.org\/{rel}","templated":true}]}}