{"id":12716,"date":"2017-06-28T14:53:34","date_gmt":"2017-06-28T12:53:34","guid":{"rendered":"https:\/\/exigo.dk\/beratung-fuer-bauunternehmer\/kollisionskontrol\/"},"modified":"2020-08-21T10:44:51","modified_gmt":"2020-08-21T08:44:51","slug":"kollisionskontrolle","status":"publish","type":"page","link":"https:\/\/exigo.dk\/de\/leistungen\/beratung-fuer-bauunternehmer\/kollisionskontrolle\/","title":{"rendered":"Kollisionskontrolle"},"content":{"rendered":"<p>[av_one_full first min_height=&#8221; vertical_alignment=&#8221; space=&#8221; custom_margin=&#8221; margin=&#8217;0px&#8217; padding=&#8217;0px&#8217; border=&#8221; border_color=&#8221; radius=&#8217;0px&#8217; background_color=&#8221; src=&#8221; background_position=&#8217;top left&#8217; background_repeat=&#8217;no-repeat&#8217; animation=&#8221; av_uid=&#8217;av-io2dz5&#8242;]<br \/>[av_image src=&#8217;http:\/\/exigo.dk\/beta\/wp-content\/uploads\/2017\/10\/kollisionskontrol-med-Vico-Office-2-3.jpg&#8217; attachment=&#8217;7971&#8242; attachment_size=&#8217;full&#8217; align=&#8217;center&#8217; styling=&#8221; hover=&#8221; link=&#8221; target=&#8221; caption=&#8221; font_size=&#8221; appearance=&#8221; overlay_opacity=&#8217;0.4&#8242; overlay_color=&#8217;#000000&#8242; overlay_text_color=&#8217;#ffffff&#8217; animation=&#8217;no-animation&#8217; av_uid=&#8217;av-hrwc5t&#8217;][\/av_image]<br \/>[\/av_one_full]<\/p>\n<p>[av_one_full first min_height=&#8221; vertical_alignment=&#8221; space=&#8221; custom_margin=&#8221; margin=&#8217;0px&#8217; padding=&#8217;0px&#8217; border=&#8221; border_color=&#8221; radius=&#8217;0px&#8217; background_color=&#8221; src=&#8221; background_position=&#8217;top left&#8217; background_repeat=&#8217;no-repeat&#8217; animation=&#8221; av_uid=&#8217;av-1jt8up&#8217;]<br \/>[av_textblock size=&#8221; font_color=&#8221; color=&#8221; av-medium-font-size=&#8221; av-small-font-size=&#8221; av-mini-font-size=&#8221; av_uid=&#8217;av-ee61td&#8217; admin_preview_bg=&#8221;]<\/p>\n<h1>Kollisionskontrolle<\/h1>\n<p>[\/av_textblock]<br \/>[\/av_one_full]<\/p>\n<p>[av_one_full first min_height=&#8221; vertical_alignment=&#8221; space=&#8221; custom_margin=&#8221; margin=&#8217;0px&#8217; padding=&#8217;0px&#8217; border=&#8221; border_color=&#8221; radius=&#8217;0px&#8217; background_color=&#8221; src=&#8221; background_position=&#8217;top left&#8217; background_repeat=&#8217;no-repeat&#8217; animation=&#8221; av_uid=&#8217;av-d3u3ip&#8217;]<\/p>\n<p>[av_textblock size=&#8221; font_color=&#8221; color=&#8221; av-medium-font-size=&#8221; av-small-font-size=&#8221; av-mini-font-size=&#8221; av_uid=&#8217;av-13um4h&#8217; custom_class=&#8221; admin_preview_bg=&#8221;]<\/p>\n<h3>Fehler in 3D-Modellen verursachen Kollisionen<\/h3>\n<p class=\"x_size-161\" style=\"text-align: justify;\">Fehler in 3D-Modellen sind nach und nach eher die Regel als die Ausnahme. Viele Fehler werden zuerst in der Ausf\u00fchrung entdeckt, was f\u00fcr Sie als Auftragnehmer eine teure Angelegenheit sein kann. Die Fehler sind oft darauf zur\u00fcckzuf\u00fchren, dass die betreffenden Projekte nicht fach\u00fcbergreifend koordiniert sind, was zu Kollisionen f\u00fchrt &#8211; beispielsweise zu einer Wasserleitung, die auf einen Tr\u00e4ger trifft. Bei Exigo helfen wir Ihnen und Ihrem Unternehmen, die Kollisionen auf dem Bildschirm zu l\u00f6sen, bevor Sie zum Bau \u00fcbergehen, und geben Ihnen so die Sicherheit, dass Ihr Projekt von Anfang an gebaut werden kann. Lesen Sie mehr dar\u00fcber, wie wir Ihnen helfen k\u00f6nnen, <a href=\"https:\/\/exigoconsult.de\/leistungen\/beratung-fuer-bauunternehmer\/risikomanagement\/\">mit Risiken in Ihrem Projekt zu umgehen<\/a>.<\/p>\n<h3>Sparen Sie 40% bei unvorhergesehenen Ausgaben<\/h3>\n<p>Mit der 3D-Kollisionskontrolle k\u00f6nnen Sie bis zu 40% unvorhergesehene Kosten einsparen. Wir helfen Ihnen und Ihrem Team, das Bauvorhaben in 3D zu koordinieren. Dann k\u00f6nnen Sie sicher sein, dass Ihr Bauvorhaben vor Beginn der Ausf\u00fchrung gut koordiniert und kollisionsfrei ist. Mit Hilfe von Exigo erhalten Sie:<\/p>\n<ol>\n<li>Ein 3D-Gesamtmodell aller Bereiche, bei denen sich Kollisionen vor dem Baubeginn abzeichnen<\/li>\n<li>Ein Bauprozess ohne Verantwortungsstreitigkeiten infolge von Fehlern und Kollisionen<\/li>\n<li>Effizientere Handwerker<\/li>\n<\/ol>\n<h3>Wir sammeln alle Themenmodelle in einem gemeinsamen Modell<\/h3>\n<p>Wir erstellen Baubarkeits-Analysen auf Basis von 3D-Modellen. Wir stellen alle 3D-Themenmodelle in einem gemeinsamen Modell zusammen. Die Themenmodelle werden typischerweise auf Gel\u00e4nde \/ Landschaft, Architektur, Konstruktionen und Abwasserleitungen, Elektrizit\u00e4t, Klempnerarbeiten und L\u00fcftung verteilt.<\/p>\n<p>Exigo \u00fcberpr\u00fcft automatisch auf Kollisionen im zusammengef\u00fchrten 3D-Modell und \u00fcberpr\u00fcft die erkannten Kollisionen, bevor sie als Baubarkeits -Probleme gemeldet werden.<\/p>\n<h3>Vorbereitung von 3D-Modellen<\/h3>\n<p class=\"x_size-161\" style=\"text-align: justify;\">Nat\u00fcrlich bieten wir an, 3D-Modelle f\u00fcr Ihr Projekt zu erstellen, falls diese noch nicht vorhanden sind. Wir machen dies auf Basis der 2D-Basis des Bauprojekts. Weitere Informationen zu unserem Projekt- und Risikomanagement-Tool zur Erstellung qualit\u00e4tsgesicherter 3D-Modelle finden Sie auf unserer Website <a href=\"https:\/\/vicooffice.dk\/de\/\" target=\"_blank\" rel=\"noopener noreferrer\">www.vicooffice.dk<\/a>.<\/p>\n<p class=\"x_size-161\" style=\"text-align: justify;\">Die Erfahrung zeigt, dass die durch die automatische Kollisionskontrolle erzielten Einsparungen die durch die Umstellung der Konstruktionsbasis von 2D auf 3D erforderliche Arbeit problemlos finanzieren k\u00f6nnen. Eine einzige Kollision auf der Baustelle kostet in der Regel zwischen 1-2.000 Euro und dar\u00fcber hinaus Zeit- und Materialverlust. Es ist daher ein gutes Gesch\u00e4ft, die Kollisionen vor Baubeginn zu erkennen!<\/p>\n<p>[\/av_textblock]<\/p>\n<p>[av_gallery ids=&#8217;4314,4317,4315,4316,4318&#8242; style=&#8217;thumbnails&#8217; preview_size=&#8217;portfolio&#8217; crop_big_preview_thumbnail=&#8217;avia-gallery-big-crop-thumb&#8217; thumb_size=&#8217;portfolio&#8217; columns=&#8217;5&#8242; imagelink=&#8217;lightbox&#8217; lazyload=&#8217;avia_lazyload&#8217; av_uid=&#8217;av-8ofi0h&#8217; custom_class=&#8221; admin_preview_bg=&#8221;]<\/p>\n<p>[\/av_one_full][av_one_full first min_height=&#8221; vertical_alignment=&#8217;av-align-top&#8217; space=&#8221; margin=&#8217;0px&#8217; margin_sync=&#8217;true&#8217; padding=&#8217;20px&#8217; padding_sync=&#8217;true&#8217; border=&#8221; border_color=&#8221; radius=&#8217;0px&#8217; radius_sync=&#8217;true&#8217; background_color=&#8217;#f5f5f5&#8242; src=&#8221; attachment=&#8221; attachment_size=&#8221; background_position=&#8217;top left&#8217; background_repeat=&#8217;no-repeat&#8217; animation=&#8221; av_uid=&#8217;av-71ffyp&#8217;]<br \/>[av_textblock size=&#8221; font_color=&#8221; color=&#8221; av-medium-font-size=&#8221; av-small-font-size=&#8221; av-mini-font-size=&#8221; av_uid=&#8217;av-693n01&#8242; admin_preview_bg=&#8221;]<\/p>\n<h3>Kollisionen vermeiden<\/h3>\n<p>Mit einem kollisionsfreien Bauprojekt erhalten Sie Ruhe. Kontaktieren Sie uns und wir werden herausfinden, wie wir Ihnen helfen k\u00f6nnen.<br \/>[\/av_textblock]<\/p>\n<p>[av_button label=&#8217;Kontaktieren Sie uns&#8217; link=&#8217;page,12677&#8242; link_target=&#8221; size=&#8217;large&#8217; position=&#8217;left&#8217; label_display=&#8221; icon_select=&#8217;no&#8217; icon=&#8217;ue800&#8242; font=&#8217;entypo-fontello&#8217; color=&#8217;theme-color&#8217; custom_bg=&#8217;#444444&#8242; custom_font=&#8217;#ffffff&#8217; av_uid=&#8217;av-3th26p&#8217; admin_preview_bg=&#8221;]<\/p>\n<p>[av_codeblock wrapper_element=&#8221; wrapper_element_attributes=&#8221; av_uid=&#8217;av-agvf5&#8242;]<\/p>\n<div style=\"display: none;\">tag-follow-me<\/div>\n<p>[\/av_codeblock]<br \/>[\/av_one_full]<\/p>","protected":false},"excerpt":{"rendered":"<p>[av_one_full first min_height=&#8221; vertical_alignment=&#8221; space=&#8221; custom_margin=&#8221; margin=&#8217;0px&#8217; padding=&#8217;0px&#8217; border=&#8221; border_color=&#8221; radius=&#8217;0px&#8217; background_color=&#8221; src=&#8221; background_position=&#8217;top left&#8217; background_repeat=&#8217;no-repeat&#8217; animation=&#8221; av_uid=&#8217;av-io2dz5&#8242;][av_image src=&#8217;http:\/\/exigo.dk\/beta\/wp-content\/uploads\/2017\/10\/kollisionskontrol-med-Vico-Office-2-3.jpg&#8217; attachment=&#8217;7971&#8242; attachment_size=&#8217;full&#8217; align=&#8217;center&#8217; styling=&#8221; hover=&#8221; link=&#8221; target=&#8221; caption=&#8221; font_size=&#8221; appearance=&#8221; overlay_opacity=&#8217;0.4&#8242; overlay_color=&#8217;#000000&#8242; overlay_text_color=&#8217;#ffffff&#8217; animation=&#8217;no-animation&#8217; av_uid=&#8217;av-hrwc5t&#8217;][\/av_image][\/av_one_full] [av_one_full first min_height=&#8221; vertical_alignment=&#8221; space=&#8221; custom_margin=&#8221; margin=&#8217;0px&#8217; padding=&#8217;0px&#8217; border=&#8221; border_color=&#8221; radius=&#8217;0px&#8217; background_color=&#8221; src=&#8221; background_position=&#8217;top left&#8217; background_repeat=&#8217;no-repeat&#8217; animation=&#8221; av_uid=&#8217;av-1jt8up&#8217;][av_textblock size=&#8221; font_color=&#8221; color=&#8221; [&hellip;]<\/p>","protected":false},"author":1,"featured_media":0,"parent":12677,"menu_order":0,"comment_status":"closed","ping_status":"closed","template":"","meta":{"_et_pb_use_builder":"","_et_pb_old_content":"","_et_gb_content_width":"","footnotes":""},"aioseo_notices":[],"yoast_head":"<!-- This site is optimized with the Yoast SEO plugin v21.2 - https:\/\/yoast.com\/wordpress\/plugins\/seo\/ -->\n<title>Exigo sichert die Baubarkeit auf Basis von 3D-Modellen<\/title>\n<meta name=\"description\" content=\"Bei Exigo helfen wir Ihrem Unternehmen, die Kollisionen in den 3D-Modellen auf dem Bildschirm zu l\u00f6sen, bevor Sie die Baustelle betreten, und stellen so die Bebaubarkeit des Projekts sicher.\" \/>\n<meta name=\"robots\" content=\"index, follow, max-snippet:-1, max-image-preview:large, max-video-preview:-1\" \/>\n<link rel=\"canonical\" href=\"https:\/\/exigo.dk\/de\/leistungen\/beratung-fuer-bauunternehmer\/kollisionskontrolle\/\" \/>\n<meta property=\"og:locale\" content=\"de_DE\" \/>\n<meta property=\"og:type\" content=\"article\" \/>\n<meta property=\"og:title\" content=\"Exigo sichert die Baubarkeit auf Basis von 3D-Modellen\" \/>\n<meta property=\"og:description\" content=\"Bei Exigo helfen wir Ihrem Unternehmen, die Kollisionen in den 3D-Modellen auf dem Bildschirm zu l\u00f6sen, bevor Sie die Baustelle betreten, und stellen so die Bebaubarkeit des Projekts sicher.\" \/>\n<meta property=\"og:url\" content=\"https:\/\/exigo.dk\/de\/leistungen\/beratung-fuer-bauunternehmer\/kollisionskontrolle\/\" \/>\n<meta property=\"og:site_name\" content=\"Exigo\" \/>\n<meta property=\"article:modified_time\" content=\"2020-08-21T08:44:51+00:00\" \/>\n<meta name=\"twitter:card\" content=\"summary_large_image\" \/>\n<meta name=\"twitter:label1\" content=\"Gesch\u00e4tzte Lesezeit\" \/>\n\t<meta name=\"twitter:data1\" content=\"4\u00a0Minuten\" \/>\n<script type=\"application\/ld+json\" class=\"yoast-schema-graph\">{\"@context\":\"https:\/\/schema.org\",\"@graph\":[{\"@type\":\"WebPage\",\"@id\":\"https:\/\/exigo.dk\/leistungen\/beratung-fuer-bauunternehmer\/kollisionskontrolle\/\",\"url\":\"https:\/\/exigo.dk\/leistungen\/beratung-fuer-bauunternehmer\/kollisionskontrolle\/\",\"name\":\"Exigo sichert die Baubarkeit auf Basis von 3D-Modellen\",\"isPartOf\":{\"@id\":\"https:\/\/exigo.dk\/#website\"},\"datePublished\":\"2017-06-28T12:53:34+00:00\",\"dateModified\":\"2020-08-21T08:44:51+00:00\",\"description\":\"Bei Exigo helfen wir Ihrem Unternehmen, die Kollisionen in den 3D-Modellen auf dem Bildschirm zu l\u00f6sen, bevor Sie die Baustelle betreten, und stellen so die Bebaubarkeit des Projekts sicher.\",\"breadcrumb\":{\"@id\":\"https:\/\/exigo.dk\/leistungen\/beratung-fuer-bauunternehmer\/kollisionskontrolle\/#breadcrumb\"},\"inLanguage\":\"de\",\"potentialAction\":[{\"@type\":\"ReadAction\",\"target\":[\"https:\/\/exigo.dk\/leistungen\/beratung-fuer-bauunternehmer\/kollisionskontrolle\/\"]}]},{\"@type\":\"BreadcrumbList\",\"@id\":\"https:\/\/exigo.dk\/leistungen\/beratung-fuer-bauunternehmer\/kollisionskontrolle\/#breadcrumb\",\"itemListElement\":[{\"@type\":\"ListItem\",\"position\":1,\"name\":\"Hjem\",\"item\":\"https:\/\/exigo.dk\/\"},{\"@type\":\"ListItem\",\"position\":2,\"name\":\"Leistungen\",\"item\":\"https:\/\/exigo.dk\/leistungen\/\"},{\"@type\":\"ListItem\",\"position\":3,\"name\":\"Beratung f\u00fcr Bauunternehmer\",\"item\":\"https:\/\/exigo.dk\/leistungen\/beratung-fuer-bauunternehmer\/\"},{\"@type\":\"ListItem\",\"position\":4,\"name\":\"Kollisionskontrolle\"}]},{\"@type\":\"WebSite\",\"@id\":\"https:\/\/exigo.dk\/#website\",\"url\":\"https:\/\/exigo.dk\/\",\"name\":\"Exigo.dk\",\"description\":\"Projekt- og risikostyring i byggebranchen\",\"publisher\":{\"@id\":\"https:\/\/exigo.dk\/#organization\"},\"potentialAction\":[{\"@type\":\"SearchAction\",\"target\":{\"@type\":\"EntryPoint\",\"urlTemplate\":\"https:\/\/exigo.dk\/?s={search_term_string}\"},\"query-input\":\"required name=search_term_string\"}],\"inLanguage\":\"de\"},{\"@type\":\"Organization\",\"@id\":\"https:\/\/exigo.dk\/#organization\",\"name\":\"Exigo A\/S\",\"url\":\"https:\/\/exigo.dk\/\",\"logo\":{\"@type\":\"ImageObject\",\"inLanguage\":\"de\",\"@id\":\"https:\/\/exigo.dk\/#\/schema\/logo\/image\/\",\"url\":\"https:\/\/exigo.dk\/wp-content\/uploads\/2019\/10\/Exigo_Logo_small.png\",\"contentUrl\":\"https:\/\/exigo.dk\/wp-content\/uploads\/2019\/10\/Exigo_Logo_small.png\",\"width\":800,\"height\":98,\"caption\":\"Exigo A\/S\"},\"image\":{\"@id\":\"https:\/\/exigo.dk\/#\/schema\/logo\/image\/\"},\"sameAs\":[\"https:\/\/www.linkedin.com\/mwlite\/company\/exigo-consult\"]}]}<\/script>\n<!-- \/ Yoast SEO plugin. -->","yoast_head_json":{"title":"Exigo sichert die Baubarkeit auf Basis von 3D-Modellen","description":"Bei Exigo helfen wir Ihrem Unternehmen, die Kollisionen in den 3D-Modellen auf dem Bildschirm zu l\u00f6sen, bevor Sie die Baustelle betreten, und stellen so die Bebaubarkeit des Projekts sicher.","robots":{"index":"index","follow":"follow","max-snippet":"max-snippet:-1","max-image-preview":"max-image-preview:large","max-video-preview":"max-video-preview:-1"},"canonical":"https:\/\/exigo.dk\/de\/leistungen\/beratung-fuer-bauunternehmer\/kollisionskontrolle\/","og_locale":"de_DE","og_type":"article","og_title":"Exigo sichert die Baubarkeit auf Basis von 3D-Modellen","og_description":"Bei Exigo helfen wir Ihrem Unternehmen, die Kollisionen in den 3D-Modellen auf dem Bildschirm zu l\u00f6sen, bevor Sie die Baustelle betreten, und stellen so die Bebaubarkeit des Projekts sicher.","og_url":"https:\/\/exigo.dk\/de\/leistungen\/beratung-fuer-bauunternehmer\/kollisionskontrolle\/","og_site_name":"Exigo","article_modified_time":"2020-08-21T08:44:51+00:00","twitter_card":"summary_large_image","twitter_misc":{"Gesch\u00e4tzte Lesezeit":"4\u00a0Minuten"},"schema":{"@context":"https:\/\/schema.org","@graph":[{"@type":"WebPage","@id":"https:\/\/exigo.dk\/leistungen\/beratung-fuer-bauunternehmer\/kollisionskontrolle\/","url":"https:\/\/exigo.dk\/leistungen\/beratung-fuer-bauunternehmer\/kollisionskontrolle\/","name":"Exigo sichert die Baubarkeit auf Basis von 3D-Modellen","isPartOf":{"@id":"https:\/\/exigo.dk\/#website"},"datePublished":"2017-06-28T12:53:34+00:00","dateModified":"2020-08-21T08:44:51+00:00","description":"Bei Exigo helfen wir Ihrem Unternehmen, die Kollisionen in den 3D-Modellen auf dem Bildschirm zu l\u00f6sen, bevor Sie die Baustelle betreten, und stellen so die Bebaubarkeit des Projekts sicher.","breadcrumb":{"@id":"https:\/\/exigo.dk\/leistungen\/beratung-fuer-bauunternehmer\/kollisionskontrolle\/#breadcrumb"},"inLanguage":"de","potentialAction":[{"@type":"ReadAction","target":["https:\/\/exigo.dk\/leistungen\/beratung-fuer-bauunternehmer\/kollisionskontrolle\/"]}]},{"@type":"BreadcrumbList","@id":"https:\/\/exigo.dk\/leistungen\/beratung-fuer-bauunternehmer\/kollisionskontrolle\/#breadcrumb","itemListElement":[{"@type":"ListItem","position":1,"name":"Hjem","item":"https:\/\/exigo.dk\/"},{"@type":"ListItem","position":2,"name":"Leistungen","item":"https:\/\/exigo.dk\/leistungen\/"},{"@type":"ListItem","position":3,"name":"Beratung f\u00fcr Bauunternehmer","item":"https:\/\/exigo.dk\/leistungen\/beratung-fuer-bauunternehmer\/"},{"@type":"ListItem","position":4,"name":"Kollisionskontrolle"}]},{"@type":"WebSite","@id":"https:\/\/exigo.dk\/#website","url":"https:\/\/exigo.dk\/","name":"Exigo.dk","description":"Projekt- og risikostyring i byggebranchen","publisher":{"@id":"https:\/\/exigo.dk\/#organization"},"potentialAction":[{"@type":"SearchAction","target":{"@type":"EntryPoint","urlTemplate":"https:\/\/exigo.dk\/?s={search_term_string}"},"query-input":"required name=search_term_string"}],"inLanguage":"de"},{"@type":"Organization","@id":"https:\/\/exigo.dk\/#organization","name":"Exigo A\/S","url":"https:\/\/exigo.dk\/","logo":{"@type":"ImageObject","inLanguage":"de","@id":"https:\/\/exigo.dk\/#\/schema\/logo\/image\/","url":"https:\/\/exigo.dk\/wp-content\/uploads\/2019\/10\/Exigo_Logo_small.png","contentUrl":"https:\/\/exigo.dk\/wp-content\/uploads\/2019\/10\/Exigo_Logo_small.png","width":800,"height":98,"caption":"Exigo A\/S"},"image":{"@id":"https:\/\/exigo.dk\/#\/schema\/logo\/image\/"},"sameAs":["https:\/\/www.linkedin.com\/mwlite\/company\/exigo-consult"]}]}},"_links":{"self":[{"href":"https:\/\/exigo.dk\/de\/wp-json\/wp\/v2\/pages\/12716"}],"collection":[{"href":"https:\/\/exigo.dk\/de\/wp-json\/wp\/v2\/pages"}],"about":[{"href":"https:\/\/exigo.dk\/de\/wp-json\/wp\/v2\/types\/page"}],"author":[{"embeddable":true,"href":"https:\/\/exigo.dk\/de\/wp-json\/wp\/v2\/users\/1"}],"replies":[{"embeddable":true,"href":"https:\/\/exigo.dk\/de\/wp-json\/wp\/v2\/comments?post=12716"}],"version-history":[{"count":3,"href":"https:\/\/exigo.dk\/de\/wp-json\/wp\/v2\/pages\/12716\/revisions"}],"predecessor-version":[{"id":25040,"href":"https:\/\/exigo.dk\/de\/wp-json\/wp\/v2\/pages\/12716\/revisions\/25040"}],"up":[{"embeddable":true,"href":"https:\/\/exigo.dk\/de\/wp-json\/wp\/v2\/pages\/12677"}],"wp:attachment":[{"href":"https:\/\/exigo.dk\/de\/wp-json\/wp\/v2\/media?parent=12716"}],"curies":[{"name":"wp","href":"https:\/\/api.w.org\/{rel}","templated":true}]}}